{"id":2103,"date":"2024-01-02T15:01:41","date_gmt":"2024-01-02T13:01:41","guid":{"rendered":"https:\/\/ftgkallefall.com\/?post_type=product&#038;p=2103"},"modified":"2024-06-26T15:11:26","modified_gmt":"2024-06-26T13:11:26","slug":"eigenoelversorgung-a-rahmen-kat-ii","status":"publish","type":"product","link":"https:\/\/ftgkallefall.com\/de\/produkt\/eigenoelversorgung-a-rahmen-kat-ii\/","title":{"rendered":"Eigen\u00f6lversorgung A-Rahmen Kat. II"},"content":{"rendered":"<p>Eine Eigen\u00f6lversorgung wird verwendet, wenn der \u00d6lfluss des Traktors f\u00fcr die gew\u00fcnschte Kranbetriebsgeschwindigkeit bei Leerlaufdrehzahl der Zapfwelle nicht ausreicht.<\/p>\n<ul>\n<li>Perfekt angepasster \u00d6ltank 3-Punkt-Befestigung Kat. II<\/li>\n<li>Pumpe zur Montage direkt an der Zapfwelle des Traktors erh\u00e4ltlich<\/li>\n<li>Die Systemkapazit\u00e4t gew\u00e4hrleistet den Kranbetrieb mit der vorgesehenen Leistung<\/li>\n<\/ul>\n","protected":false},"excerpt":{"rendered":"<p>Eine Eigen\u00f6lversorgung wird verwendet, wenn der \u00d6lfluss des Traktors f\u00fcr die gew\u00fcnschte Kranbetriebsgeschwindigkeit bei Leerlaufdrehzahl der Zapfwelle nicht ausreicht. Perfekt angepasster \u00d6ltank 3-Punkt-Befestigung Kat. II Pumpe zur Montage direkt an der Zapfwelle des Traktors erh\u00e4ltlich Die Systemkapazit\u00e4t gew\u00e4hrleistet den Kranbetrieb mit der vorgesehenen Leistung<\/p>\n","protected":false},"featured_media":1533,"comment_status":"open","ping_status":"closed","template":"","meta":{"_acf_changed":false,"inline_featured_image":false},"product_cat":[85,96],"product_tag":[],"acf":[],"_links":{"self":[{"href":"https:\/\/ftgkallefall.com\/de\/wp-json\/wp\/v2\/product\/2103"}],"collection":[{"href":"https:\/\/ftgkallefall.com\/de\/wp-json\/wp\/v2\/product"}],"about":[{"href":"https:\/\/ftgkallefall.com\/de\/wp-json\/wp\/v2\/types\/product"}],"replies":[{"embeddable":true,"href":"https:\/\/ftgkallefall.com\/de\/wp-json\/wp\/v2\/comments?post=2103"}],"wp:featuredmedia":[{"embeddable":true,"href":"https:\/\/ftgkallefall.com\/de\/wp-json\/wp\/v2\/media\/1533"}],"wp:attachment":[{"href":"https:\/\/ftgkallefall.com\/de\/wp-json\/wp\/v2\/media?parent=2103"}],"wp:term":[{"taxonomy":"product_cat","embeddable":true,"href":"https:\/\/ftgkallefall.com\/de\/wp-json\/wp\/v2\/product_cat?post=2103"},{"taxonomy":"product_tag","embeddable":true,"href":"https:\/\/ftgkallefall.com\/de\/wp-json\/wp\/v2\/product_tag?post=2103"}],"curies":[{"name":"wp","href":"https:\/\/api.w.org\/{rel}","templated":true}]}}