{"id":2107,"date":"2023-12-29T13:32:46","date_gmt":"2023-12-29T11:32:46","guid":{"rendered":"https:\/\/ftgkallefall.com\/?post_type=product&#038;p=2107"},"modified":"2024-06-26T14:53:28","modified_gmt":"2024-06-26T12:53:28","slug":"eigenoelversorgung-fb90d","status":"publish","type":"product","link":"https:\/\/ftgkallefall.com\/de\/produkt\/eigenoelversorgung-fb90d\/","title":{"rendered":"Eigen\u00f6lversorgung FB90D"},"content":{"rendered":"<p>Eine Eigen\u00f6lversorgung wird verwendet, wenn der \u00d6lfluss des Traktors f\u00fcr die gew\u00fcnschte Kranbetriebsgeschwindigkeit bei Leerlaufdrehzahl der Zapfwelle nicht ausreicht.<\/p>\n<ul>\n<li>Der \u00d6ltank wurde so konstruiert, dass er perfekt zum Anh\u00e4nger passt\u00a0FB90D<\/li>\n<li>Pumpe zur Montage an der Deichsel oder direkt an der Zapfwelle des Traktors erh\u00e4ltlich<\/li>\n<li>Die Systemkapazit\u00e4t gew\u00e4hrleistet den Kranbetrieb mit der vorgesehenen Leistung<\/li>\n<\/ul>\n","protected":false},"excerpt":{"rendered":"<p>Eine Eigen\u00f6lversorgung wird verwendet, wenn der \u00d6lfluss des Traktors f\u00fcr die gew\u00fcnschte Kranbetriebsgeschwindigkeit bei Leerlaufdrehzahl der Zapfwelle nicht ausreicht. Der \u00d6ltank wurde so konstruiert, dass er perfekt zum Anh\u00e4nger passt\u00a0FB90D Pumpe zur Montage an der Deichsel oder direkt an der Zapfwelle des Traktors erh\u00e4ltlich Die Systemkapazit\u00e4t gew\u00e4hrleistet den Kranbetrieb mit der vorgesehenen Leistung<\/p>\n","protected":false},"featured_media":1527,"comment_status":"open","ping_status":"closed","template":"","meta":{"_acf_changed":false,"inline_featured_image":false},"product_cat":[85,96],"product_tag":[],"acf":[],"_links":{"self":[{"href":"https:\/\/ftgkallefall.com\/de\/wp-json\/wp\/v2\/product\/2107"}],"collection":[{"href":"https:\/\/ftgkallefall.com\/de\/wp-json\/wp\/v2\/product"}],"about":[{"href":"https:\/\/ftgkallefall.com\/de\/wp-json\/wp\/v2\/types\/product"}],"replies":[{"embeddable":true,"href":"https:\/\/ftgkallefall.com\/de\/wp-json\/wp\/v2\/comments?post=2107"}],"wp:featuredmedia":[{"embeddable":true,"href":"https:\/\/ftgkallefall.com\/de\/wp-json\/wp\/v2\/media\/1527"}],"wp:attachment":[{"href":"https:\/\/ftgkallefall.com\/de\/wp-json\/wp\/v2\/media?parent=2107"}],"wp:term":[{"taxonomy":"product_cat","embeddable":true,"href":"https:\/\/ftgkallefall.com\/de\/wp-json\/wp\/v2\/product_cat?post=2107"},{"taxonomy":"product_tag","embeddable":true,"href":"https:\/\/ftgkallefall.com\/de\/wp-json\/wp\/v2\/product_tag?post=2107"}],"curies":[{"name":"wp","href":"https:\/\/api.w.org\/{rel}","templated":true}]}}