{"id":2116,"date":"2023-12-29T18:10:43","date_gmt":"2023-12-29T16:10:43","guid":{"rendered":"https:\/\/ftgkallefall.com\/?post_type=product&#038;p=2116"},"modified":"2024-06-26T16:55:44","modified_gmt":"2024-06-26T14:55:44","slug":"unterlegkeile","status":"publish","type":"product","link":"https:\/\/ftgkallefall.com\/de\/produkt\/unterlegkeile\/","title":{"rendered":"Unterlegkeile"},"content":{"rendered":"<p>Die Unterlegkeile werden verwendet, um forstwirtschaftliche Anh\u00e4nger vor ungewollten Bewegungen zu sch\u00fctzen. Sie werden zur Sicherheit gegen die R\u00e4der gelegt. Sie bestehen aus robustem Kunststoff, der leichter ist als Radvorleger aus Stahl.<\/p>\n<p>1 Satz enth\u00e4lt 2 St\u00fcck.<\/p>\n","protected":false},"excerpt":{"rendered":"<p>Die Unterlegkeile werden verwendet, um forstwirtschaftliche Anh\u00e4nger vor ungewollten Bewegungen zu sch\u00fctzen. Sie werden zur Sicherheit gegen die R\u00e4der gelegt. Sie bestehen aus robustem Kunststoff, der leichter ist als Radvorleger aus Stahl. 1 Satz enth\u00e4lt 2 St\u00fcck.<\/p>\n","protected":false},"featured_media":7774,"comment_status":"open","ping_status":"closed","template":"","meta":{"_acf_changed":false,"inline_featured_image":false},"product_cat":[85,98],"product_tag":[],"acf":[],"_links":{"self":[{"href":"https:\/\/ftgkallefall.com\/de\/wp-json\/wp\/v2\/product\/2116"}],"collection":[{"href":"https:\/\/ftgkallefall.com\/de\/wp-json\/wp\/v2\/product"}],"about":[{"href":"https:\/\/ftgkallefall.com\/de\/wp-json\/wp\/v2\/types\/product"}],"replies":[{"embeddable":true,"href":"https:\/\/ftgkallefall.com\/de\/wp-json\/wp\/v2\/comments?post=2116"}],"wp:featuredmedia":[{"embeddable":true,"href":"https:\/\/ftgkallefall.com\/de\/wp-json\/wp\/v2\/media\/7774"}],"wp:attachment":[{"href":"https:\/\/ftgkallefall.com\/de\/wp-json\/wp\/v2\/media?parent=2116"}],"wp:term":[{"taxonomy":"product_cat","embeddable":true,"href":"https:\/\/ftgkallefall.com\/de\/wp-json\/wp\/v2\/product_cat?post=2116"},{"taxonomy":"product_tag","embeddable":true,"href":"https:\/\/ftgkallefall.com\/de\/wp-json\/wp\/v2\/product_tag?post=2116"}],"curies":[{"name":"wp","href":"https:\/\/api.w.org\/{rel}","templated":true}]}}