{"id":2124,"date":"2024-01-02T10:02:51","date_gmt":"2024-01-02T08:02:51","guid":{"rendered":"https:\/\/ftgkallefall.com\/?post_type=product&#038;p=2124"},"modified":"2024-06-26T21:00:07","modified_gmt":"2024-06-26T19:00:07","slug":"a-rahmen-kat-ii","status":"publish","type":"product","link":"https:\/\/ftgkallefall.com\/de\/produkt\/a-rahmen-kat-ii\/","title":{"rendered":"A-Rahmen Kat. II"},"content":{"rendered":"<p>Der A-Rahmen wird normalerweise verwendet, um Forstkr\u00e4ne \u00fcber eine Dreipunktaufh\u00e4ngung an landwirtschaftliche Radtraktoren anzuh\u00e4ngen.Diese L\u00f6sung ist sehr praktisch f\u00fcr einen Traktorbenutzer, der flexibel und schnell verschiedene Anbauger\u00e4te wechseln muss.<\/p>\n","protected":false},"excerpt":{"rendered":"<p>Der A-Rahmen wird normalerweise verwendet, um Forstkr\u00e4ne \u00fcber eine Dreipunktaufh\u00e4ngung an landwirtschaftliche Radtraktoren anzuh\u00e4ngen.Diese L\u00f6sung ist sehr praktisch f\u00fcr einen Traktorbenutzer, der flexibel und schnell verschiedene Anbauger\u00e4te wechseln muss.<\/p>\n","protected":false},"featured_media":7749,"comment_status":"open","ping_status":"closed","template":"","meta":{"_acf_changed":false,"inline_featured_image":false},"product_cat":[85,97],"product_tag":[],"acf":[],"_links":{"self":[{"href":"https:\/\/ftgkallefall.com\/de\/wp-json\/wp\/v2\/product\/2124"}],"collection":[{"href":"https:\/\/ftgkallefall.com\/de\/wp-json\/wp\/v2\/product"}],"about":[{"href":"https:\/\/ftgkallefall.com\/de\/wp-json\/wp\/v2\/types\/product"}],"replies":[{"embeddable":true,"href":"https:\/\/ftgkallefall.com\/de\/wp-json\/wp\/v2\/comments?post=2124"}],"wp:featuredmedia":[{"embeddable":true,"href":"https:\/\/ftgkallefall.com\/de\/wp-json\/wp\/v2\/media\/7749"}],"wp:attachment":[{"href":"https:\/\/ftgkallefall.com\/de\/wp-json\/wp\/v2\/media?parent=2124"}],"wp:term":[{"taxonomy":"product_cat","embeddable":true,"href":"https:\/\/ftgkallefall.com\/de\/wp-json\/wp\/v2\/product_cat?post=2124"},{"taxonomy":"product_tag","embeddable":true,"href":"https:\/\/ftgkallefall.com\/de\/wp-json\/wp\/v2\/product_tag?post=2124"}],"curies":[{"name":"wp","href":"https:\/\/api.w.org\/{rel}","templated":true}]}}