{"id":2125,"date":"2024-01-08T07:29:11","date_gmt":"2024-01-08T05:29:11","guid":{"rendered":"https:\/\/ftgkallefall.com\/?post_type=product&#038;p=2125"},"modified":"2024-06-26T17:06:51","modified_gmt":"2024-06-26T15:06:51","slug":"reisigwanne","status":"publish","type":"product","link":"https:\/\/ftgkallefall.com\/de\/produkt\/reisigwanne\/","title":{"rendered":"Reisigwanne"},"content":{"rendered":"<p>Einsatzplatten f\u00fcr Anh\u00e4nger sind f\u00fcr den Transport von Reisig konzipiert und geeignet. Jedes andere leichte Material wie \u00c4ste und Str\u00e4ucher kann ebenfalls transportiert werden. Die Seitenbleche sind einfach zu montieren, da sie nur \u00fcber die Rungen gelegt und verschraubt werden m\u00fcssen.<\/p>\n<ul>\n<li>Einfach zu installieren<\/li>\n<li>Erh\u00e4ltlich f\u00fcr die meisten FTG K\u00e4llefall-Anh\u00e4ngermodelle<\/li>\n<li>Verzinktes Material<\/li>\n<\/ul>\n","protected":false},"excerpt":{"rendered":"<p>Einsatzplatten f\u00fcr Anh\u00e4nger sind f\u00fcr den Transport von Reisig konzipiert und geeignet. Jedes andere leichte Material wie \u00c4ste und Str\u00e4ucher kann ebenfalls transportiert werden. Die Seitenbleche sind einfach zu montieren, da sie nur \u00fcber die Rungen gelegt und verschraubt werden m\u00fcssen. Einfach zu installieren Erh\u00e4ltlich f\u00fcr die meisten FTG K\u00e4llefall-Anh\u00e4ngermodelle Verzinktes Material<\/p>\n","protected":false},"featured_media":1425,"comment_status":"open","ping_status":"closed","template":"","meta":{"_acf_changed":false,"inline_featured_image":false},"product_cat":[85,98],"product_tag":[],"acf":[],"_links":{"self":[{"href":"https:\/\/ftgkallefall.com\/de\/wp-json\/wp\/v2\/product\/2125"}],"collection":[{"href":"https:\/\/ftgkallefall.com\/de\/wp-json\/wp\/v2\/product"}],"about":[{"href":"https:\/\/ftgkallefall.com\/de\/wp-json\/wp\/v2\/types\/product"}],"replies":[{"embeddable":true,"href":"https:\/\/ftgkallefall.com\/de\/wp-json\/wp\/v2\/comments?post=2125"}],"wp:featuredmedia":[{"embeddable":true,"href":"https:\/\/ftgkallefall.com\/de\/wp-json\/wp\/v2\/media\/1425"}],"wp:attachment":[{"href":"https:\/\/ftgkallefall.com\/de\/wp-json\/wp\/v2\/media?parent=2125"}],"wp:term":[{"taxonomy":"product_cat","embeddable":true,"href":"https:\/\/ftgkallefall.com\/de\/wp-json\/wp\/v2\/product_cat?post=2125"},{"taxonomy":"product_tag","embeddable":true,"href":"https:\/\/ftgkallefall.com\/de\/wp-json\/wp\/v2\/product_tag?post=2125"}],"curies":[{"name":"wp","href":"https:\/\/api.w.org\/{rel}","templated":true}]}}