{"id":2127,"date":"2024-01-07T18:59:46","date_gmt":"2024-01-07T16:59:46","guid":{"rendered":"https:\/\/ftgkallefall.com\/?post_type=product&#038;p=2127"},"modified":"2024-11-26T17:06:20","modified_gmt":"2024-11-26T15:06:20","slug":"rahmenverlaengerung","status":"publish","type":"product","link":"https:\/\/ftgkallefall.com\/de\/produkt\/rahmenverlaengerung\/","title":{"rendered":"Rahmenverl\u00e4ngerung"},"content":{"rendered":"<p>Je nach Anh\u00e4ngermodell erm\u00f6glicht die Rahmenverl\u00e4ngerung eine Verl\u00e4ngerung der Ladel\u00e4nge von 300 mm bis 900 mm.<\/p>\n<p>Die Rahmenverl\u00e4ngerung wird mit Schrauben, die im Set enthalten sind, am Rahmen befestigt.<\/p>\n<p>Rahmenverl\u00e4ngerungen sind f\u00fcr die gesamte Palette unserer Anh\u00e4nger erh\u00e4ltlich.<\/p>\n<p>&nbsp;<\/p>\n<p>Weitere Informationen erhalten Sie bei Ihrem <a href=\"https:\/\/ftgkallefall.com\/de\/kontakt\/\">H\u00e4ndler vor Ort<\/a>.<\/p>\n","protected":false},"excerpt":{"rendered":"<p>Je nach Anh\u00e4ngermodell erm\u00f6glicht die Rahmenverl\u00e4ngerung eine Verl\u00e4ngerung der Ladel\u00e4nge von 300 mm bis 900 mm. Die Rahmenverl\u00e4ngerung wird mit Schrauben, die im Set enthalten sind, am Rahmen befestigt. Rahmenverl\u00e4ngerungen sind f\u00fcr die gesamte Palette unserer Anh\u00e4nger erh\u00e4ltlich. &nbsp; Weitere Informationen erhalten Sie bei Ihrem H\u00e4ndler vor Ort.<\/p>\n","protected":false},"featured_media":1467,"comment_status":"open","ping_status":"closed","template":"","meta":{"_acf_changed":false,"inline_featured_image":false},"product_cat":[85,98],"product_tag":[],"acf":[],"_links":{"self":[{"href":"https:\/\/ftgkallefall.com\/de\/wp-json\/wp\/v2\/product\/2127"}],"collection":[{"href":"https:\/\/ftgkallefall.com\/de\/wp-json\/wp\/v2\/product"}],"about":[{"href":"https:\/\/ftgkallefall.com\/de\/wp-json\/wp\/v2\/types\/product"}],"replies":[{"embeddable":true,"href":"https:\/\/ftgkallefall.com\/de\/wp-json\/wp\/v2\/comments?post=2127"}],"wp:featuredmedia":[{"embeddable":true,"href":"https:\/\/ftgkallefall.com\/de\/wp-json\/wp\/v2\/media\/1467"}],"wp:attachment":[{"href":"https:\/\/ftgkallefall.com\/de\/wp-json\/wp\/v2\/media?parent=2127"}],"wp:term":[{"taxonomy":"product_cat","embeddable":true,"href":"https:\/\/ftgkallefall.com\/de\/wp-json\/wp\/v2\/product_cat?post=2127"},{"taxonomy":"product_tag","embeddable":true,"href":"https:\/\/ftgkallefall.com\/de\/wp-json\/wp\/v2\/product_tag?post=2127"}],"curies":[{"name":"wp","href":"https:\/\/api.w.org\/{rel}","templated":true}]}}