{"id":2138,"date":"2023-12-29T17:24:13","date_gmt":"2023-12-29T15:24:13","guid":{"rendered":"https:\/\/ftgkallefall.com\/?post_type=product&#038;p=2138"},"modified":"2024-06-26T17:36:00","modified_gmt":"2024-06-26T15:36:00","slug":"schutzplatten-fuer-abstuetzung","status":"publish","type":"product","link":"https:\/\/ftgkallefall.com\/de\/produkt\/schutzplatten-fuer-abstuetzung\/","title":{"rendered":"Schutzplatten f\u00fcr Abst\u00fctzung"},"content":{"rendered":"<p>Schutzplatten f\u00fcr die St\u00fctzf\u00fc\u00dfen.<\/p>\n<p>1 Satz enth\u00e4lt 2 St\u00fcck.<\/p>\n","protected":false},"excerpt":{"rendered":"<p>Schutzplatten f\u00fcr die St\u00fctzf\u00fc\u00dfen. 1 Satz enth\u00e4lt 2 St\u00fcck.<\/p>\n","protected":false},"featured_media":7759,"comment_status":"closed","ping_status":"closed","template":"","meta":{"_acf_changed":false,"inline_featured_image":false},"product_cat":[85,98],"product_tag":[],"acf":[],"_links":{"self":[{"href":"https:\/\/ftgkallefall.com\/de\/wp-json\/wp\/v2\/product\/2138"}],"collection":[{"href":"https:\/\/ftgkallefall.com\/de\/wp-json\/wp\/v2\/product"}],"about":[{"href":"https:\/\/ftgkallefall.com\/de\/wp-json\/wp\/v2\/types\/product"}],"replies":[{"embeddable":true,"href":"https:\/\/ftgkallefall.com\/de\/wp-json\/wp\/v2\/comments?post=2138"}],"wp:featuredmedia":[{"embeddable":true,"href":"https:\/\/ftgkallefall.com\/de\/wp-json\/wp\/v2\/media\/7759"}],"wp:attachment":[{"href":"https:\/\/ftgkallefall.com\/de\/wp-json\/wp\/v2\/media?parent=2138"}],"wp:term":[{"taxonomy":"product_cat","embeddable":true,"href":"https:\/\/ftgkallefall.com\/de\/wp-json\/wp\/v2\/product_cat?post=2138"},{"taxonomy":"product_tag","embeddable":true,"href":"https:\/\/ftgkallefall.com\/de\/wp-json\/wp\/v2\/product_tag?post=2138"}],"curies":[{"name":"wp","href":"https:\/\/api.w.org\/{rel}","templated":true}]}}