{"id":2206,"date":"2024-05-09T18:56:01","date_gmt":"2024-05-09T16:56:01","guid":{"rendered":"https:\/\/ftgkallefall.com\/?post_type=product&#038;p=2206"},"modified":"2025-11-20T16:15:20","modified_gmt":"2025-11-20T14:15:20","slug":"2-hebelsteuerung-mit-2-elektr-on-off","status":"publish","type":"product","link":"https:\/\/ftgkallefall.com\/de\/produkt\/2-hebelsteuerung-mit-2-elektr-on-off\/","title":{"rendered":"2-Hebelsteuerung mit 2 elektr. On\/Off"},"content":{"rendered":"<p>Es handelt sich um ein leichtes und kleines Monoblock-Hydraulikventil, das vor allem f\u00fcr landwirtschaftliche und forstwirtschaftliche Lader verwendet wird.<\/p>\n<p>CRV60\/8E on\/off verf\u00fcgt \u00fcber eine bequeme mechanische 2-Hebel-Bedienung mit 2 elektrischen Steuerungen f\u00fcr Teleskopausschub und Greifer.<\/p>\n","protected":false},"excerpt":{"rendered":"<p>Hydraulisches Monoblockventil mit 2-el. On\/Off-Funktionen<\/p>\n","protected":false},"featured_media":7274,"comment_status":"closed","ping_status":"closed","template":"","meta":{"_acf_changed":false,"inline_featured_image":false},"product_cat":[85,101],"product_tag":[],"acf":[],"_links":{"self":[{"href":"https:\/\/ftgkallefall.com\/de\/wp-json\/wp\/v2\/product\/2206"}],"collection":[{"href":"https:\/\/ftgkallefall.com\/de\/wp-json\/wp\/v2\/product"}],"about":[{"href":"https:\/\/ftgkallefall.com\/de\/wp-json\/wp\/v2\/types\/product"}],"replies":[{"embeddable":true,"href":"https:\/\/ftgkallefall.com\/de\/wp-json\/wp\/v2\/comments?post=2206"}],"wp:featuredmedia":[{"embeddable":true,"href":"https:\/\/ftgkallefall.com\/de\/wp-json\/wp\/v2\/media\/7274"}],"wp:attachment":[{"href":"https:\/\/ftgkallefall.com\/de\/wp-json\/wp\/v2\/media?parent=2206"}],"wp:term":[{"taxonomy":"product_cat","embeddable":true,"href":"https:\/\/ftgkallefall.com\/de\/wp-json\/wp\/v2\/product_cat?post=2206"},{"taxonomy":"product_tag","embeddable":true,"href":"https:\/\/ftgkallefall.com\/de\/wp-json\/wp\/v2\/product_tag?post=2206"}],"curies":[{"name":"wp","href":"https:\/\/api.w.org\/{rel}","templated":true}]}}