{"id":2218,"date":"2024-05-09T19:02:24","date_gmt":"2024-05-09T17:02:24","guid":{"rendered":"https:\/\/ftgkallefall.com\/?post_type=product&#038;p=2218"},"modified":"2024-06-25T17:36:28","modified_gmt":"2024-06-25T15:36:28","slug":"niederdrucksteuerung-mit-joysticks","status":"publish","type":"product","link":"https:\/\/ftgkallefall.com\/de\/produkt\/niederdrucksteuerung-mit-joysticks\/","title":{"rendered":"Niederdrucksteuerung mit Joysticks"},"content":{"rendered":"<p>Es handelt sich um ein leichtes und kompaktes Hydraulikventil, das speziell f\u00fcr Forstkrananwendungen entwickelt wurde.<\/p>\n<p>Dieses Modell verf\u00fcgt \u00fcber 4-teilige Proportional- und 4-teilige el. On\/Off-Steuerung durch Joysticks unter Verwendung von Niederdruckleitungen und el. Kabel. Die Lieferung umfasst ein komplettes Ventil mit 2 Joysticks mit jeweils 2 Proportionalfunktionen. Zus\u00e4tzliche Funktionen werden elektrisch \u00fcber Drucktasten am Joystick ein- und ausgeschaltet (einschlie\u00dflich St\u00fctzbeine). Die Standardschlauchl\u00e4nge f\u00fcr die Joysticks vom Ventil betr\u00e4gt 3,5 m.<\/p>\n","protected":false},"excerpt":{"rendered":"<p>Vorhydraulische Steuerung mit 4 Proportional- und 4 el. On\/Off-Funktionen<\/p>\n","protected":false},"featured_media":6905,"comment_status":"closed","ping_status":"closed","template":"","meta":{"_acf_changed":false,"inline_featured_image":false},"product_cat":[85,101],"product_tag":[],"acf":[],"_links":{"self":[{"href":"https:\/\/ftgkallefall.com\/de\/wp-json\/wp\/v2\/product\/2218"}],"collection":[{"href":"https:\/\/ftgkallefall.com\/de\/wp-json\/wp\/v2\/product"}],"about":[{"href":"https:\/\/ftgkallefall.com\/de\/wp-json\/wp\/v2\/types\/product"}],"replies":[{"embeddable":true,"href":"https:\/\/ftgkallefall.com\/de\/wp-json\/wp\/v2\/comments?post=2218"}],"wp:featuredmedia":[{"embeddable":true,"href":"https:\/\/ftgkallefall.com\/de\/wp-json\/wp\/v2\/media\/6905"}],"wp:attachment":[{"href":"https:\/\/ftgkallefall.com\/de\/wp-json\/wp\/v2\/media?parent=2218"}],"wp:term":[{"taxonomy":"product_cat","embeddable":true,"href":"https:\/\/ftgkallefall.com\/de\/wp-json\/wp\/v2\/product_cat?post=2218"},{"taxonomy":"product_tag","embeddable":true,"href":"https:\/\/ftgkallefall.com\/de\/wp-json\/wp\/v2\/product_tag?post=2218"}],"curies":[{"name":"wp","href":"https:\/\/api.w.org\/{rel}","templated":true}]}}