{"id":2610,"date":"2024-06-26T20:41:55","date_gmt":"2024-06-26T18:41:55","guid":{"rendered":"https:\/\/ftgkallefall.com\/product\/3-point-attachment-cat-i\/"},"modified":"2024-06-26T20:54:35","modified_gmt":"2024-06-26T18:54:35","slug":"a-rahmen-kat-i","status":"publish","type":"product","link":"https:\/\/ftgkallefall.com\/de\/produkt\/a-rahmen-kat-i\/","title":{"rendered":"A-Rahmen Kat. I"},"content":{"rendered":"<p>Der A-Rahmen wird normalerweise verwendet, um Forstkr\u00e4ne \u00fcber eine Dreipunktaufh\u00e4ngung an landwirtschaftliche Radtraktoren anzuh\u00e4ngen.Diese L\u00f6sung ist sehr praktisch f\u00fcr einen Traktorbenutzer, der flexibel und schnell verschiedene Anbauger\u00e4te wechseln muss.<\/p>\n","protected":false},"excerpt":{"rendered":"<p>Der A-Rahmen wird normalerweise verwendet, um Forstkr\u00e4ne \u00fcber eine Dreipunktaufh\u00e4ngung an landwirtschaftliche Radtraktoren anzuh\u00e4ngen.Diese L\u00f6sung ist sehr praktisch f\u00fcr einen Traktorbenutzer, der flexibel und schnell verschiedene Anbauger\u00e4te wechseln muss.<\/p>\n","protected":false},"featured_media":1380,"comment_status":"open","ping_status":"closed","template":"","meta":{"_acf_changed":false,"inline_featured_image":false},"product_cat":[85,97],"product_tag":[],"acf":[],"_links":{"self":[{"href":"https:\/\/ftgkallefall.com\/de\/wp-json\/wp\/v2\/product\/2610"}],"collection":[{"href":"https:\/\/ftgkallefall.com\/de\/wp-json\/wp\/v2\/product"}],"about":[{"href":"https:\/\/ftgkallefall.com\/de\/wp-json\/wp\/v2\/types\/product"}],"replies":[{"embeddable":true,"href":"https:\/\/ftgkallefall.com\/de\/wp-json\/wp\/v2\/comments?post=2610"}],"wp:featuredmedia":[{"embeddable":true,"href":"https:\/\/ftgkallefall.com\/de\/wp-json\/wp\/v2\/media\/1380"}],"wp:attachment":[{"href":"https:\/\/ftgkallefall.com\/de\/wp-json\/wp\/v2\/media?parent=2610"}],"wp:term":[{"taxonomy":"product_cat","embeddable":true,"href":"https:\/\/ftgkallefall.com\/de\/wp-json\/wp\/v2\/product_cat?post=2610"},{"taxonomy":"product_tag","embeddable":true,"href":"https:\/\/ftgkallefall.com\/de\/wp-json\/wp\/v2\/product_tag?post=2610"}],"curies":[{"name":"wp","href":"https:\/\/api.w.org\/{rel}","templated":true}]}}