{"id":3061,"date":"2024-11-29T16:05:25","date_gmt":"2024-11-29T14:05:25","guid":{"rendered":"https:\/\/ftgkallefall.com\/?post_type=product&#038;p=3061"},"modified":"2025-08-14T08:31:02","modified_gmt":"2025-08-14T06:31:02","slug":"ruckewagen-fb50d","status":"publish","type":"product","link":"https:\/\/ftgkallefall.com\/de\/produkt\/ruckewagen-fb50d\/","title":{"rendered":"R\u00dcCKEWAGEN FB50D"},"content":{"rendered":"<p>Der Einachsr\u00fcckewagen FB50D verf\u00fcgt \u00fcber einen Doppelrohrrahmen, stabilen Schutzgitter, starre und gerade Deichsel ohne Lenkung, Auflaufbremse, teleskopische A-Abst\u00fctzungen mit innenliegenden Zylindern, klappbares Stehpodest mit Leiter, Schutzblech f\u00fcr Reifen, Rungenbefestigung, \u00d6sen f\u00fcr Spanngurt, 2 Rungentaschen hinten zum Querladen, fest angebauten LED-R\u00fcckleuchten, 4 Rungenpaare mit 8 geraden Rungen und Bereifung 400\/60-15.5 mit Stollenprofil und Ventilschutz.<\/p>\n<ul>\n<li>Einachsr\u00fcckewagen mit max. zul\u00e4ssiges Gesamtgewicht von 7000 kg<\/li>\n<li>Ideal zum Transport und Verladen von Meterholz, Fixl\u00e4ngen, Langholz und Energieholz.<\/li>\n<li>R\u00fcckewagen-Kombination mit Kr\u00e4nen einer Reichweite bis 6,3 m.<\/li>\n<\/ul>\n","protected":false},"excerpt":{"rendered":"<p>FB50D haben eine Nutzlast von 5 Tonnen und ein maximal zGG. von 7 Tonnen.<\/p>\n","protected":false},"featured_media":4484,"comment_status":"closed","ping_status":"closed","template":"","meta":{"_acf_changed":false,"inline_featured_image":false},"product_cat":[84],"product_tag":[],"acf":[],"_links":{"self":[{"href":"https:\/\/ftgkallefall.com\/de\/wp-json\/wp\/v2\/product\/3061"}],"collection":[{"href":"https:\/\/ftgkallefall.com\/de\/wp-json\/wp\/v2\/product"}],"about":[{"href":"https:\/\/ftgkallefall.com\/de\/wp-json\/wp\/v2\/types\/product"}],"replies":[{"embeddable":true,"href":"https:\/\/ftgkallefall.com\/de\/wp-json\/wp\/v2\/comments?post=3061"}],"wp:featuredmedia":[{"embeddable":true,"href":"https:\/\/ftgkallefall.com\/de\/wp-json\/wp\/v2\/media\/4484"}],"wp:attachment":[{"href":"https:\/\/ftgkallefall.com\/de\/wp-json\/wp\/v2\/media?parent=3061"}],"wp:term":[{"taxonomy":"product_cat","embeddable":true,"href":"https:\/\/ftgkallefall.com\/de\/wp-json\/wp\/v2\/product_cat?post=3061"},{"taxonomy":"product_tag","embeddable":true,"href":"https:\/\/ftgkallefall.com\/de\/wp-json\/wp\/v2\/product_tag?post=3061"}],"curies":[{"name":"wp","href":"https:\/\/api.w.org\/{rel}","templated":true}]}}