{"id":5728,"date":"2025-06-16T13:17:46","date_gmt":"2025-06-16T11:17:46","guid":{"rendered":"https:\/\/ftgkallefall.com\/?post_type=product&#038;p=5728"},"modified":"2025-08-14T08:27:43","modified_gmt":"2025-08-14T06:27:43","slug":"ruckewagen-fb15d","status":"publish","type":"product","link":"https:\/\/ftgkallefall.com\/de\/produkt\/ruckewagen-fb15d\/","title":{"rendered":"R\u00dcCKEWAGEN FB15D"},"content":{"rendered":"<p>Der Einachsr\u00fcckewagen FB15D verf\u00fcgt \u00fcber einen Doppelrohrrahmen, stabilen Schutzgitter, starre und gerade Deichsel ohne Lenkung, teleskopische A-Abst\u00fctzungen mit innenliegenden Zylindern und Sperrventile, St\u00fctzfu\u00df, Steuerblockhalter, Schutzblech f\u00fcr Reifen, Rungenbefestigung, \u00d6sen f\u00fcr Spanngurt, fest angebauten LED-R\u00fcckleuchten, 2 Rungenpaare mit 4 Rungen und Bereifung 10.0\/80-12 mit Rillenprofil und Ventilschutz.<\/p>\n<ul>\n<li>Einachsr\u00fcckewagen mit max. zul\u00e4ssiges Gesamtgewicht von 1 900 kg<\/li>\n<li>Ideal zum Transport und Verladen von Meterholz, Fixl\u00e4ngen, Langholz und Energieholz.<\/li>\n<li>R\u00fcckewagen-Kombination mit Forstkran einer Reichweite von 4,0 m<\/li>\n<\/ul>\n","protected":false},"excerpt":{"rendered":"<p>FB15D haben eine Nutzlast von 1,3 Tonnen und ein maximal zGG. von 1,9 Tonnen.<\/p>\n","protected":false},"featured_media":5743,"comment_status":"closed","ping_status":"closed","template":"","meta":{"_acf_changed":false,"inline_featured_image":false},"product_cat":[84],"product_tag":[],"acf":[],"_links":{"self":[{"href":"https:\/\/ftgkallefall.com\/de\/wp-json\/wp\/v2\/product\/5728"}],"collection":[{"href":"https:\/\/ftgkallefall.com\/de\/wp-json\/wp\/v2\/product"}],"about":[{"href":"https:\/\/ftgkallefall.com\/de\/wp-json\/wp\/v2\/types\/product"}],"replies":[{"embeddable":true,"href":"https:\/\/ftgkallefall.com\/de\/wp-json\/wp\/v2\/comments?post=5728"}],"wp:featuredmedia":[{"embeddable":true,"href":"https:\/\/ftgkallefall.com\/de\/wp-json\/wp\/v2\/media\/5743"}],"wp:attachment":[{"href":"https:\/\/ftgkallefall.com\/de\/wp-json\/wp\/v2\/media?parent=5728"}],"wp:term":[{"taxonomy":"product_cat","embeddable":true,"href":"https:\/\/ftgkallefall.com\/de\/wp-json\/wp\/v2\/product_cat?post=5728"},{"taxonomy":"product_tag","embeddable":true,"href":"https:\/\/ftgkallefall.com\/de\/wp-json\/wp\/v2\/product_tag?post=5728"}],"curies":[{"name":"wp","href":"https:\/\/api.w.org\/{rel}","templated":true}]}}