{"id":5805,"date":"2025-06-16T17:11:32","date_gmt":"2025-06-16T15:11:32","guid":{"rendered":"https:\/\/ftgkallefall.com\/?post_type=product&#038;p=5805"},"modified":"2025-08-14T08:02:24","modified_gmt":"2025-08-14T06:02:24","slug":"forstkran-fb40l","status":"publish","type":"product","link":"https:\/\/ftgkallefall.com\/de\/produkt\/forstkran-fb40l\/","title":{"rendered":"FORSTKRAN FB40L"},"content":{"rendered":"<p>Der Forstkran FB40L ist mit einer Reichweite von 4,0 Metern der kleinste Forstkran der FB-Serie. Er ist mit einem Weitwinkelgelenk f\u00fcr ein verbessertes Bewegungsmuster ausgestattet und verf\u00fcgt \u00fcber ein Hubmoment von 14 kNm (Brutto). Der Kran FB40L ist standardm\u00e4\u00dfig mit einem 1-Tonne-Rotator und Greifer FB090 ausgestattet und ist der ideale Forstkran f\u00fcr kleine Traktoren und Anh\u00e4nger.<\/p>\n<p>Das Rotatorgelenk wird standardm\u00e4\u00dfig ohne Bremse geliefert. Der Kran ist mit einem 2-Zylinder-Schwenkwerk ausgestattet. Alle unsere Kr\u00e4ne werden mit installiertem Anschluss der Hydraulikschl\u00e4uche an den Rotator geliefert.<\/p>\n<ul>\n<li>Gut gesch\u00fctzte und gef\u00fchrte Hydraulikschl\u00e4uche<\/li>\n<li>3-Punkt-Rahmen f\u00fcr Traktor erh\u00e4ltlich<\/li>\n<\/ul>\n<p>&nbsp;<\/p>\n","protected":false},"excerpt":{"rendered":"<p>FB40L hat eine Kranl\u00e4nge von 4,0 m<\/p>\n","protected":false},"featured_media":5738,"comment_status":"closed","ping_status":"closed","template":"","meta":{"_acf_changed":false,"inline_featured_image":false},"product_cat":[92],"product_tag":[],"acf":[],"_links":{"self":[{"href":"https:\/\/ftgkallefall.com\/de\/wp-json\/wp\/v2\/product\/5805"}],"collection":[{"href":"https:\/\/ftgkallefall.com\/de\/wp-json\/wp\/v2\/product"}],"about":[{"href":"https:\/\/ftgkallefall.com\/de\/wp-json\/wp\/v2\/types\/product"}],"replies":[{"embeddable":true,"href":"https:\/\/ftgkallefall.com\/de\/wp-json\/wp\/v2\/comments?post=5805"}],"wp:featuredmedia":[{"embeddable":true,"href":"https:\/\/ftgkallefall.com\/de\/wp-json\/wp\/v2\/media\/5738"}],"wp:attachment":[{"href":"https:\/\/ftgkallefall.com\/de\/wp-json\/wp\/v2\/media?parent=5805"}],"wp:term":[{"taxonomy":"product_cat","embeddable":true,"href":"https:\/\/ftgkallefall.com\/de\/wp-json\/wp\/v2\/product_cat?post=5805"},{"taxonomy":"product_tag","embeddable":true,"href":"https:\/\/ftgkallefall.com\/de\/wp-json\/wp\/v2\/product_tag?post=5805"}],"curies":[{"name":"wp","href":"https:\/\/api.w.org\/{rel}","templated":true}]}}