{"id":7336,"date":"2025-12-09T12:07:09","date_gmt":"2025-12-09T10:07:09","guid":{"rendered":"https:\/\/ftgkallefall.com\/?post_type=product&#038;p=7336"},"modified":"2025-12-16T08:44:55","modified_gmt":"2025-12-16T06:44:55","slug":"ftg-kultivator-mb4b","status":"publish","type":"product","link":"https:\/\/ftgkallefall.com\/de\/produkt\/ftg-kultivator-mb4b\/","title":{"rendered":"FTG Kultivator MB4B"},"content":{"rendered":"<p>Der FTG Kultivator ist eine wirtschaftlichere und \u00f6kologischere Alternative zur Bearbeitung der gesamten Bodenfl\u00e4che. Er eignet sich f\u00fcr die Untergrundbearbeitung, die Vorbereitung vor der Aussaat und die Bodenbearbeitung auf kleineren Fl\u00e4chen. Der Blockzahngrubber oder Kultivator zur Vorbereitung des Pflanzbodens verf\u00fcgt \u00fcber eine Dreipunktaufh\u00e4ngung und sollte mit Traktoren mit einer Leistung von mindestens 50 PS\/HP verwendet werden.<\/p>\n<ul>\n<li>Anbau an Dreipunktaufh\u00e4ngung eines Schleppers<\/li>\n<li>Blockzahngrubber arbeitet in Abschnitten<\/li>\n<li>Pflanzl\u00e4nge und -abstand werden \u00fcber einfache elektronische Steuerungen geregel<\/li>\n<li>Austauschbare Schare aus geh\u00e4rtetem Stahl<\/li>\n<li>Arbeitsbreite 510 mm<\/li>\n<\/ul>\n","protected":false},"excerpt":{"rendered":"<p>Kultivator zur Bodenvorbereitung auf Vor- und Unterbaufl\u00e4chen<\/p>\n","protected":false},"featured_media":7307,"comment_status":"closed","ping_status":"closed","template":"","meta":{"_acf_changed":false,"inline_featured_image":false},"product_cat":[268],"product_tag":[],"acf":[],"_links":{"self":[{"href":"https:\/\/ftgkallefall.com\/de\/wp-json\/wp\/v2\/product\/7336"}],"collection":[{"href":"https:\/\/ftgkallefall.com\/de\/wp-json\/wp\/v2\/product"}],"about":[{"href":"https:\/\/ftgkallefall.com\/de\/wp-json\/wp\/v2\/types\/product"}],"replies":[{"embeddable":true,"href":"https:\/\/ftgkallefall.com\/de\/wp-json\/wp\/v2\/comments?post=7336"}],"wp:featuredmedia":[{"embeddable":true,"href":"https:\/\/ftgkallefall.com\/de\/wp-json\/wp\/v2\/media\/7307"}],"wp:attachment":[{"href":"https:\/\/ftgkallefall.com\/de\/wp-json\/wp\/v2\/media?parent=7336"}],"wp:term":[{"taxonomy":"product_cat","embeddable":true,"href":"https:\/\/ftgkallefall.com\/de\/wp-json\/wp\/v2\/product_cat?post=7336"},{"taxonomy":"product_tag","embeddable":true,"href":"https:\/\/ftgkallefall.com\/de\/wp-json\/wp\/v2\/product_tag?post=7336"}],"curies":[{"name":"wp","href":"https:\/\/api.w.org\/{rel}","templated":true}]}}