{"id":7407,"date":"2025-12-09T08:31:09","date_gmt":"2025-12-09T06:31:09","guid":{"rendered":"https:\/\/ftgkallefall.com\/?post_type=product&#038;p=7407"},"modified":"2025-12-09T11:13:51","modified_gmt":"2025-12-09T09:13:51","slug":"greifer-fb090","status":"publish","type":"product","link":"https:\/\/ftgkallefall.com\/de\/produkt\/greifer-fb090\/","title":{"rendered":"GREIFER FB090"},"content":{"rendered":"<p>Der Greifer FB090 ist aus hochwertigen Materialien gefertigt, um eine lange Lebensdauer und Zuverl\u00e4ssigkeit zu gew\u00e4hrleisten.<br \/>\nSeine Konstruktion kombiniert einen profilierten Hauptrahmen mit einer optimierten Greifarmgeometrie und bietet eine gro\u00dfe \u00d6ffnung f\u00fcr die effiziente Handhabung von Baumst\u00e4mmen und Holz. Die leichte und dennoch robuste Konstruktion erh\u00f6ht die Produktivit\u00e4t, ohne die Festigkeit zu beeintr\u00e4chtigen.<\/p>\n<p>Angetrieben von einem einzigen Hydraulikzylinder bietet der FB090 eine hohe Greifkraft, schnelle Zykluszeiten und eine hervorragende Ladeleistung, was ihn zur idealen Wahl f\u00fcr Forst- und Materialtransportarbeiten macht.<\/p>\n<p>Der Greifer FB090 ist perfekt mit dem Kran FB40L kompatibel und bietet maximale Effizienz.<\/p>\n<div class=\"addthis_inline_share_toolbox\"><\/div>\n","protected":false},"excerpt":{"rendered":"<p>Greiffl\u00e4che 0.09 m\u00b2, \u00d6ffnungsweite 700 mm<\/p>\n","protected":false},"featured_media":7185,"comment_status":"closed","ping_status":"closed","template":"","meta":{"_acf_changed":false,"inline_featured_image":false},"product_cat":[85,86],"product_tag":[],"acf":[],"_links":{"self":[{"href":"https:\/\/ftgkallefall.com\/de\/wp-json\/wp\/v2\/product\/7407"}],"collection":[{"href":"https:\/\/ftgkallefall.com\/de\/wp-json\/wp\/v2\/product"}],"about":[{"href":"https:\/\/ftgkallefall.com\/de\/wp-json\/wp\/v2\/types\/product"}],"replies":[{"embeddable":true,"href":"https:\/\/ftgkallefall.com\/de\/wp-json\/wp\/v2\/comments?post=7407"}],"wp:featuredmedia":[{"embeddable":true,"href":"https:\/\/ftgkallefall.com\/de\/wp-json\/wp\/v2\/media\/7185"}],"wp:attachment":[{"href":"https:\/\/ftgkallefall.com\/de\/wp-json\/wp\/v2\/media?parent=7407"}],"wp:term":[{"taxonomy":"product_cat","embeddable":true,"href":"https:\/\/ftgkallefall.com\/de\/wp-json\/wp\/v2\/product_cat?post=7407"},{"taxonomy":"product_tag","embeddable":true,"href":"https:\/\/ftgkallefall.com\/de\/wp-json\/wp\/v2\/product_tag?post=7407"}],"curies":[{"name":"wp","href":"https:\/\/api.w.org\/{rel}","templated":true}]}}