{"id":7903,"date":"2026-02-23T12:06:33","date_gmt":"2026-02-23T10:06:33","guid":{"rendered":"https:\/\/ftgkallefall.com\/?post_type=product&#038;p=7903"},"modified":"2026-03-25T13:32:57","modified_gmt":"2026-03-25T11:32:57","slug":"ruckewagen-fb70d","status":"publish","type":"product","link":"https:\/\/ftgkallefall.com\/de\/produkt\/ruckewagen-fb70d\/","title":{"rendered":"R\u00dcCKEWAGEN FB70D"},"content":{"rendered":"<p>Der R\u00fcckewagen FB70D verf\u00fcgt \u00fcber einen Doppelrohrrahmen, gerade Deichsel mit Flansch-Zug\u00f6se \u00d8 40 mm, hydraulische Deichsellenkung mit einem Zylinder, stabilen Schutzgitter, teleskopische A-Abst\u00fctzung mit innenliegenden Zylindern und Sperrventile, Boogieachse, Rahmenverl\u00e4ngerung mit integriertes LED-R\u00fccklicht und Kennzeichenleuchten, insgesamt von 4 Rungenpaare mit 8 Rungen, Zur\u00f6sen f\u00fcr Spanngurt, Rungenhalterung f\u00fcr Meterholz-B\u00fcndel und Bereifung 400\/60-15.5 mit Rillenprofill und Ventilschutz.<\/p>\n<ul>\n<li>Doppelrohrrahmen bereits mit Rungenhalterung f\u00fcr Meterholz-B\u00fcndel vorbereitet<\/li>\n<li>Rungenbefestigung und Zur\u00f6sen f\u00fcr Spanngurt f\u00fcr sicheren Holztransport<\/li>\n<li>R\u00fcckewagen-Kombination mit Kr\u00e4nen einer Reichweite bis 6,9 m<\/li>\n<\/ul>\n","protected":false},"excerpt":{"rendered":"<p>FB70D haben eine Nutzlast von 7 Tonnen und ein maximal zGG. von 9 Tonnen.<\/p>\n","protected":false},"featured_media":8093,"comment_status":"closed","ping_status":"closed","template":"","meta":{"_acf_changed":false,"inline_featured_image":false},"product_cat":[84],"product_tag":[],"acf":[],"_links":{"self":[{"href":"https:\/\/ftgkallefall.com\/de\/wp-json\/wp\/v2\/product\/7903"}],"collection":[{"href":"https:\/\/ftgkallefall.com\/de\/wp-json\/wp\/v2\/product"}],"about":[{"href":"https:\/\/ftgkallefall.com\/de\/wp-json\/wp\/v2\/types\/product"}],"replies":[{"embeddable":true,"href":"https:\/\/ftgkallefall.com\/de\/wp-json\/wp\/v2\/comments?post=7903"}],"wp:featuredmedia":[{"embeddable":true,"href":"https:\/\/ftgkallefall.com\/de\/wp-json\/wp\/v2\/media\/8093"}],"wp:attachment":[{"href":"https:\/\/ftgkallefall.com\/de\/wp-json\/wp\/v2\/media?parent=7903"}],"wp:term":[{"taxonomy":"product_cat","embeddable":true,"href":"https:\/\/ftgkallefall.com\/de\/wp-json\/wp\/v2\/product_cat?post=7903"},{"taxonomy":"product_tag","embeddable":true,"href":"https:\/\/ftgkallefall.com\/de\/wp-json\/wp\/v2\/product_tag?post=7903"}],"curies":[{"name":"wp","href":"https:\/\/api.w.org\/{rel}","templated":true}]}}