{"id":874,"date":"2023-12-15T10:39:23","date_gmt":"2023-12-15T08:39:23","guid":{"rendered":"https:\/\/ftgkallefall.com\/?post_type=product&#038;p=874"},"modified":"2025-08-14T08:29:51","modified_gmt":"2025-08-14T06:29:51","slug":"ruckewagen-fb30d","status":"publish","type":"product","link":"https:\/\/ftgkallefall.com\/de\/produkt\/ruckewagen-fb30d\/","title":{"rendered":"R\u00dcCKEWAGEN FB30D"},"content":{"rendered":"<p>Der Einachsr\u00fcckewagen FB30D verf\u00fcgt \u00fcber einen Doppelrohrrahmen, stabilen Schutzgitter, starre und gerade Deichsel ohne Lenkung (Oben- o. Untenanh\u00e4ngung), teleskopische A-Abst\u00fctzungen mit innenliegenden Zylindern, Steuerblockhalter, Schutzblech f\u00fcr Reifen, Rungenbefestigung, \u00d6sen f\u00fcr Spanngurt, 2 Rungentaschen hinten zum Querladen, fest angebauten LED-R\u00fcckleuchten, 4 Rungenpaare mit 8 geraden Rungen und Bereifung 11.5\/80-15.3 mit Rillenprofil und Ventilschutz.<\/p>\n<ul>\n<li>Einachsr\u00fcckewagen mit max. zul\u00e4ssiges Gesamtgewicht von 5 000 kg<\/li>\n<li>Ideal zum Transport und Verladen von Meterholz, Fixl\u00e4ngen, Langholz und Energieholz.<\/li>\n<li>R\u00fcckewagen-Kombination mit Kr\u00e4nen einer Reichweite bis 5,3 m<\/li>\n<\/ul>\n","protected":false},"excerpt":{"rendered":"<p>FB30D haben eine Nutzlast von 3 Tonnen und ein maximal zGG. von 5 Tonnen.<\/p>\n","protected":false},"featured_media":1984,"comment_status":"closed","ping_status":"closed","template":"","meta":{"_acf_changed":false,"inline_featured_image":false},"product_cat":[84],"product_tag":[],"acf":[],"_links":{"self":[{"href":"https:\/\/ftgkallefall.com\/de\/wp-json\/wp\/v2\/product\/874"}],"collection":[{"href":"https:\/\/ftgkallefall.com\/de\/wp-json\/wp\/v2\/product"}],"about":[{"href":"https:\/\/ftgkallefall.com\/de\/wp-json\/wp\/v2\/types\/product"}],"replies":[{"embeddable":true,"href":"https:\/\/ftgkallefall.com\/de\/wp-json\/wp\/v2\/comments?post=874"}],"wp:featuredmedia":[{"embeddable":true,"href":"https:\/\/ftgkallefall.com\/de\/wp-json\/wp\/v2\/media\/1984"}],"wp:attachment":[{"href":"https:\/\/ftgkallefall.com\/de\/wp-json\/wp\/v2\/media?parent=874"}],"wp:term":[{"taxonomy":"product_cat","embeddable":true,"href":"https:\/\/ftgkallefall.com\/de\/wp-json\/wp\/v2\/product_cat?post=874"},{"taxonomy":"product_tag","embeddable":true,"href":"https:\/\/ftgkallefall.com\/de\/wp-json\/wp\/v2\/product_tag?post=874"}],"curies":[{"name":"wp","href":"https:\/\/api.w.org\/{rel}","templated":true}]}}