{"id":3216,"date":"2024-03-29T07:36:19","date_gmt":"2024-03-29T05:36:19","guid":{"rendered":"https:\/\/ftgkallefall.com\/?page_id=3216"},"modified":"2026-03-16T12:29:38","modified_gmt":"2026-03-16T10:29:38","slug":"sertifikatai","status":"publish","type":"page","link":"https:\/\/ftgkallefall.com\/lt\/apie-mus\/sertifikatai\/","title":{"rendered":"Sertifikatai"},"content":{"rendered":"\n<section  class=\"header px-3 lg:px-8 pt-20 lg:pt-24 2xl:pt-28 relative z-10    kallefall\" style=\"background-color: \">\n  <div class=\"w-full px-3 lg:pl-10 xl:pl-16 lg:pr-5 py-3 lg:py-5 bg-r-gray rounded-3xl flex flex-col lg:flex-row justify-between relative\">\n      <div class=\"lg:w-6\/12 flex flex-col pt-5 lg:pt-10 xl:pt-16 2xl:pt-20 pb-10 lg:pb-28 max-lg:order-2\">\n          <h1 class=\"text-4xl lg:text-5xl xl:text-6xl 2xl:text-[4.35rem]\/[1]\" style=\"text-wrap: balance\">Valdymo sistemos sertifikatai: ISO 9001, ISO 14001, ISO 45001<\/h1>\n          \n          <div class=\"mt-7 lg:mt-auto\">\n            \n                      <\/div>\n      <\/div>\n      <div class=\"main-image lg:w-5\/12 rounded-2xl overflow-hidden bg-cover bg-no-repeat bg-center self-start max-lg:order-1\" style=\"background-image:url(https:\/\/ftgkallefall.com\/wp-content\/uploads\/sites\/2\/2026\/03\/BVCER_withoutQR-ISO-9001-ISO-14001-ISO-45001_1x1-768x768.png)\">\n                  <img loading=\"lazy\" decoding=\"async\" width=\"1268\" height=\"1268\" src=\"https:\/\/ftgkallefall.com\/wp-content\/uploads\/sites\/2\/2026\/03\/BVCER_withoutQR-ISO-9001-ISO-14001-ISO-45001_1x1.png\" class=\"w-full aspect-square object-cover\" alt=\"\" srcset=\"https:\/\/ftgkallefall.com\/wp-content\/uploads\/sites\/2\/2026\/03\/BVCER_withoutQR-ISO-9001-ISO-14001-ISO-45001_1x1.png 1268w, https:\/\/ftgkallefall.com\/wp-content\/uploads\/sites\/2\/2026\/03\/BVCER_withoutQR-ISO-9001-ISO-14001-ISO-45001_1x1-300x300.png 300w, https:\/\/ftgkallefall.com\/wp-content\/uploads\/sites\/2\/2026\/03\/BVCER_withoutQR-ISO-9001-ISO-14001-ISO-45001_1x1-150x150.png 150w, https:\/\/ftgkallefall.com\/wp-content\/uploads\/sites\/2\/2026\/03\/BVCER_withoutQR-ISO-9001-ISO-14001-ISO-45001_1x1-768x768.png 768w, https:\/\/ftgkallefall.com\/wp-content\/uploads\/sites\/2\/2026\/03\/BVCER_withoutQR-ISO-9001-ISO-14001-ISO-45001_1x1-600x600.png 600w, https:\/\/ftgkallefall.com\/wp-content\/uploads\/sites\/2\/2026\/03\/BVCER_withoutQR-ISO-9001-ISO-14001-ISO-45001_1x1-100x100.png 100w\" sizes=\"(max-width: 1268px) 100vw, 1268px\" \/>              <\/div>\n      <button data-scroll class=\"absolute -bottom-6 lg:-bottom-8 left-5 lg:left-10 xl:left-20 border-0 z-10\">\n        <svg width=\"103\" height=\"120\" viewBox=\"0 0 103 120\" fill=\"none\" xmlns=\"http:\/\/www.w3.org\/2000\/svg\" class=\"w-14 lg:w-20 xl:w-24 2xl:w-28 h-auto lg:hover:translate-y-3 duration-200 stroke-info\" stroke=\"#B52025\" stroke-width=\"11.355\">\n          <path d=\"M4.54102 58.4626L51.6641 110.695L98.7871 58.4626\"\/>\n          <path d=\"M51.3809 109.586L51.3809 0.0106748\"\/>\n          <clipPath id=\"clip0_1943_1174\">\n            <rect width=\"119.227\" height=\"102.762\" fill=\"#B52025\" transform=\"matrix(0 1 -1 0 102.762 0)\"\/>\n          <\/clipPath>\n        <\/svg>\n      <\/button>\n  <\/div>\n<\/section>\n\n\n\n\n<section  class=\"relative mt-10 mb-5 pt-12 xl:pt-20 pb-12 xl:pb-20 rounded-3xl kallefall\" style=\"background-color: #0a1c24\">\n    <div class=\"tabs select-tabs flex flex-col xl:flex-row gap-7 xl:gap-20 lg:px-10 xl:px-16 2xl:px-20\">\n        <div class=\"xl:w-52 flex-none max-lg:px-3\">\n          <ul class=\"flex flex-row flex-wrap xl:flex-col gap-x-2 gap-y-3 xl:gap-x-3 filter-list color-info max-lg:hidden\">\n                        <li><button class=\"w-full ftg-button default duration-150 text-white panel-button active\" data-target=\"valdymo-sistemos-sertifikatai\">Valdymo sistemos sertifikatai<\/button><\/li>\n                        <li><button class=\"w-full ftg-button default duration-150 text-white panel-button \" data-target=\"kokyb--s-vadybos-sistema--iso-9001-\">Kokyb\u0117s vadybos sistema (ISO 9001)<\/button><\/li>\n                        <li><button class=\"w-full ftg-button default duration-150 text-white panel-button \" data-target=\"aplinkosaugos-vadybos-sistema--iso-14001-\">Aplinkosaugos vadybos sistema (ISO 14001)<\/button><\/li>\n                        <li><button class=\"w-full ftg-button default duration-150 text-white panel-button \" data-target=\"sveikatos-ir-saugos-vadybos-sistema--iso-45001-\">Sveikatos ir saugos vadybos sistema (ISO 45001)<\/button><\/li>\n                      <\/ul>\n                      <form class=\"lg:hidden no-padding\">\n              <select class=\"w-full bg-transparent text-white border border-white rounded-3xl py-2 pl-3 pr-8\">\n                                  <option value=\"valdymo-sistemos-sertifikatai\" selected>Valdymo sistemos sertifikatai<\/option>\n                                  <option value=\"kokyb--s-vadybos-sistema--iso-9001-\" >Kokyb\u0117s vadybos sistema (ISO 9001)<\/option>\n                                  <option value=\"aplinkosaugos-vadybos-sistema--iso-14001-\" >Aplinkosaugos vadybos sistema (ISO 14001)<\/option>\n                                  <option value=\"sveikatos-ir-saugos-vadybos-sistema--iso-45001-\" >Sveikatos ir saugos vadybos sistema (ISO 45001)<\/option>\n                              <\/select>\n            <\/form>\n                  <\/div>\n        <div class=\"tab_content w-full mx-auto\">\n                            <div class=\"valdymo-sistemos-sertifikatai w-full flex max-lg:flex-col gap-5 lg:gap-10 2xl:gap-12 rounded-3xl px-5 lg:pl-10 py-5 lg:pr-5 relative active\" style=\"background-color: ; color: #ffffff\">\n                  <div class=\"\">\n                    <h4>Valdymo sistemos sertifikatai<\/h4>\n                    <div class=\"content mt-5\">\n                      <p>\u0160iandien \u012fmon\u0117s susiduria su \u012fvairiomis rizikomis ir galimyb\u0117mis. Vadybos sistem\u0173 sertifikavimas leid\u017eia \u012fmon\u0117ms pagerinti organizacijos veikl\u0105 ir apsaugoti reputacij\u0105. \u0160iuolaikin\u0117s vadybos sistemos kuriamos taip, kad b\u016bt\u0173 lanks\u010dios ir pritaikytos konkretiems organizacijos poreikiams. Atsi\u017evelgiant \u012f tai, sertifikavimas tampa vertinga priemone, padedan\u010dia siekti nuolatinio tobul\u0117jimo konkre\u010dioje srityje, taip pat ma\u017einti rizik\u0105 visoje organizacijoje.<\/p>\n<p>UAB \u201eFTG Baltic\u201c yra sertifikuota trijose srityse. Kokyb\u0117s vadybos (ISO 9001), Aplinkos apsaugos vadybos (ISO 14001) ir dabar taip pat sveikatos ir saugos vadybos (ISO 45001) srityse.<\/p>\n                    <\/div>\n                  <\/div>\n\n                                <\/div>\n                            <div class=\"kokyb--s-vadybos-sistema--iso-9001- w-full flex max-lg:flex-col gap-5 lg:gap-10 2xl:gap-12 rounded-3xl px-5 lg:pl-10 py-5 lg:pr-5 relative \" style=\"background-color: ; color: #ffffff\">\n                  <div class=\"\">\n                    <h4>Kokyb\u0117s vadybos sistema (ISO 9001)<\/h4>\n                    <div class=\"content mt-5\">\n                      <p>Nor\u0117damos veiksmingai konkuruoti ir u\u017esitikrinti klient\u0173 lojalum\u0105, \u012fmon\u0117s turi teikti nuolatin\u0117s kokyb\u0117s produktus ir paslaugas. Tam reikia grie\u017eto po\u017ei\u016brio \u012f kokyb\u0117s valdym\u0105.<\/p>\n<p>ISO 9001 sertifikavimo proceso tikslas &#8211; pad\u0117ti sukurti patikim\u0105 kokyb\u0117s vadybos sistem\u0105 (KVS), kuri skatint\u0173 nuolatin\u012f tobul\u0117jim\u0105. ISO kokyb\u0117s standartai yra pripa\u017einti visame pasaulyje ir jais pasitikima. ISO 9001 standartas suteikia lankstumo, tod\u0117l galime kurti kokyb\u0117s vadybos sistem\u0105, atsi\u017evelgdami \u012f savo konkre\u010dius produktus, klient\u0173 poreikius ir rizik\u0105. Tod\u0117l jis veikia kaip esminis elementas, padedantis gerinti rizikos ir kokyb\u0117s valdym\u0105.<\/p>\n                    <\/div>\n                  <\/div>\n\n                                <\/div>\n                            <div class=\"aplinkosaugos-vadybos-sistema--iso-14001- w-full flex max-lg:flex-col gap-5 lg:gap-10 2xl:gap-12 rounded-3xl px-5 lg:pl-10 py-5 lg:pr-5 relative \" style=\"background-color: ; color: #ffffff\">\n                  <div class=\"\">\n                    <h4>Aplinkosaugos vadybos sistema (ISO 14001)<\/h4>\n                    <div class=\"content mt-5\">\n                      <p>ISO 14001 sertifikavimas skatina atsi\u017evelgti \u012f produkt\u0173 ir paslaug\u0173 gyvavimo cikl\u0105. Tai padeda nustatyti nauj\u0173 produkt\u0173 paklaus\u0105, integruoti \u017eiedin\u0117s ekonomikos principus \u012f projektavim\u0105 ir k\u016brim\u0105 bei \u012fvertinti \u0161i\u0173 produkt\u0173 poveik\u012f aplinkai.<\/p>\n<p>ISO 14001 standartas reikalauja didesnio auk\u0161\u010diausiosios vadovyb\u0117s \u012fsipareigojimo, tod\u0117l aplinkosaugos valdymas tampa svarbiausiu verslo valdymo elementu. ISO 14001 reikalavimuose akcentuojamos aktyvios iniciatyvos, skirtos aplinkosaugos vadybos veiksmingumui didinti, pradedant nuo socialinio poveikio ir poveikio aplinkai analiz\u0117s viso verslo mastu. ISO 14001 aplinkos apsaugos vadybos sistema u\u017etikrina, kad visi reikalavimai b\u016bt\u0173 integruoti \u012f verslo procesus, o visos aplinkos apsaugos vadybos rizikos b\u016bt\u0173 nustatomos per vis\u0105 gaminio ir paslaugos gyvavimo cikl\u0105.<\/p>\n                    <\/div>\n                  <\/div>\n\n                                <\/div>\n                            <div class=\"sveikatos-ir-saugos-vadybos-sistema--iso-45001- w-full flex max-lg:flex-col gap-5 lg:gap-10 2xl:gap-12 rounded-3xl px-5 lg:pl-10 py-5 lg:pr-5 relative \" style=\"background-color: ; color: #ffffff\">\n                  <div class=\"\">\n                    <h4>Sveikatos ir saugos vadybos sistema (ISO 45001)<\/h4>\n                    <div class=\"content mt-5\">\n                      <p>ISO 45001 yra naujas tarptautinis profesin\u0117s sveikatos ir saugos vadybos sistem\u0173 sertifikavimo standartas. Standarto taikymas padeda \u012fgyvendinti visapusi\u0161k\u0105 po\u017ei\u016br\u012f \u012f darbuotoj\u0173 sveikat\u0105 ir saug\u0105 arba patobulinti esam\u0105 OHSMS. ISO 45001 sertifikavimas pabr\u0117\u017eia m\u016bs\u0173 organizacijos \u012fsipareigojim\u0105 saugoti darbuotojus visame pasaulyje.<\/p>\n<p>Naujasis standartas apima ne tik fizin\u0119 saug\u0105, bet ir psichologinius pavojus, susijusius su perdegimu, priekabiavimu ir su stresu susijusiomis ligomis. Jis taip pat apima ma\u017eiau akivaizd\u017eius pavojus, tokius kaip pasikartojan\u010dios \u012ftampos traumos ir nugaros skausmai, b\u016bdingi biuro aplinkai.<\/p>\n<p>ISO 45001 sertifikavimo reikalavimai atitinka t\u0105 pa\u010di\u0105 auk\u0161to lygio strukt\u016br\u0105, kaip ir kiti ISO vadybos sistem\u0173 standartai, tod\u0117l supaprastinamas keli\u0173 sertifikavimo standart\u0173 \u012fgyvendinimas vienu metu. Jis taip pat suderintas su esamais sertifikavimo standartais, tokiais kaip Tarptautin\u0117s darbo organizacijos DSS gair\u0117s ir TDO tarptautiniai darbo standartai ir konvencijos.<\/p>\n                    <\/div>\n                  <\/div>\n\n                                <\/div>\n                    <\/div>\n    <\/div>\n<\/section>\n\n","protected":false},"excerpt":{"rendered":"","protected":false},"author":1,"featured_media":0,"parent":3182,"menu_order":0,"comment_status":"closed","ping_status":"closed","template":"","meta":{"_acf_changed":false,"inline_featured_image":false,"footnotes":""},"acf":[],"rankMath":{"parentDomain":"ftgkallefall.com","noFollowDomains":[],"noFollowExcludeDomains":[],"noFollowExternalLinks":false,"featuredImageNotice":"The featured image should be at least 200 by 200 pixels to be picked up by Facebook and other social media sites.","pluginReviewed":true,"postSettings":{"linkSuggestions":false,"useFocusKeyword":false},"frontEndScore":false,"postName":"sertifikatai","permalinkFormat":"https:\/\/ftgkallefall.com\/lt\/%pagename%\/","showLockModifiedDate":true,"assessor":{"focusKeywordLink":"https:\/\/ftgkallefall.com\/wp-admin\/edit.php?focus_keyword=%focus_keyword%&post_type=%post_type%","hasTOCPlugin":false,"primaryTaxonomy":false,"serpData":{"title":"","description":"","focusKeywords":"","pillarContent":false,"canonicalUrl":"","breadcrumbTitle":"","advancedRobots":{"max-snippet":"-1","max-video-preview":"-1","max-image-preview":"large"},"facebookTitle":"","facebookDescription":"","facebookImage":"","facebookImageID":"","facebookHasOverlay":false,"facebookImageOverlay":"","facebookAuthor":"","twitterCardType":"","twitterUseFacebook":true,"twitterTitle":"","twitterDescription":"","twitterImage":"","twitterImageID":"","twitterHasOverlay":false,"twitterImageOverlay":"","twitterPlayerUrl":"","twitterPlayerSize":"","twitterPlayerStream":"","twitterPlayerStreamCtype":"","twitterAppDescription":"","twitterAppIphoneName":"","twitterAppIphoneID":"","twitterAppIphoneUrl":"","twitterAppIpadName":"","twitterAppIpadID":"","twitterAppIpadUrl":"","twitterAppGoogleplayName":"","twitterAppGoogleplayID":"","twitterAppGoogleplayUrl":"","twitterAppCountry":"","robots":{"index":true},"twitterAuthor":"username","primaryTerm":0,"authorName":"FTG_admin_Pxq4v5X","titleTemplate":"%title% %page% %sep% %sitename%","descriptionTemplate":"%excerpt%","showScoreFrontend":true,"lockModifiedDate":false},"powerWords":[],"diacritics":{"A":"[\\u0041\\u24B6\\uFF21\\u00C0\\u00C1\\u00C2\\u1EA6\\u1EA4\\u1EAA\\u1EA8\\u00C3\\u0100\\u0102\\u1EB0\\u1EAE\\u1EB4\\u1EB2\\u0226\\u01E0\\u00C4\\u01DE\\u1EA2\\u00C5\\u01FA\\u01CD\\u0200\\u0202\\u1EA0\\u1EAC\\u1EB6\\u1E00\\u0104\\u023A\\u2C6F]","AA":"[\\uA732]","AE":"[\\u00C6\\u01FC\\u01E2]","AO":"[\\uA734]","AU":"[\\uA736]","AV":"[\\uA738\\uA73A]","AY":"[\\uA73C]","B":"[\\u0042\\u24B7\\uFF22\\u1E02\\u1E04\\u1E06\\u0243\\u0182\\u0181]","C":"[\\u0043\\u24B8\\uFF23\\u0106\\u0108\\u010A\\u010C\\u00C7\\u1E08\\u0187\\u023B\\uA73E]","D":"[\\u0044\\u24B9\\uFF24\\u1E0A\\u010E\\u1E0C\\u1E10\\u1E12\\u1E0E\\u0110\\u018B\\u018A\\u0189\\uA779]","DZ":"[\\u01F1\\u01C4]","Dz":"[\\u01F2\\u01C5]","E":"[\\u0045\\u24BA\\uFF25\\u00C8\\u00C9\\u00CA\\u1EC0\\u1EBE\\u1EC4\\u1EC2\\u1EBC\\u0112\\u1E14\\u1E16\\u0114\\u0116\\u00CB\\u1EBA\\u011A\\u0204\\u0206\\u1EB8\\u1EC6\\u0228\\u1E1C\\u0118\\u1E18\\u1E1A\\u0190\\u018E]","F":"[\\u0046\\u24BB\\uFF26\\u1E1E\\u0191\\uA77B]","G":"[\\u0047\\u24BC\\uFF27\\u01F4\\u011C\\u1E20\\u011E\\u0120\\u01E6\\u0122\\u01E4\\u0193\\uA7A0\\uA77D\\uA77E]","H":"[\\u0048\\u24BD\\uFF28\\u0124\\u1E22\\u1E26\\u021E\\u1E24\\u1E28\\u1E2A\\u0126\\u2C67\\u2C75\\uA78D]","I":"[\\u0049\\u24BE\\uFF29\\u00CC\\u00CD\\u00CE\\u0128\\u012A\\u012C\\u0130\\u00CF\\u1E2E\\u1EC8\\u01CF\\u0208\\u020A\\u1ECA\\u012E\\u1E2C\\u0197]","J":"[\\u004A\\u24BF\\uFF2A\\u0134\\u0248]","K":"[\\u004B\\u24C0\\uFF2B\\u1E30\\u01E8\\u1E32\\u0136\\u1E34\\u0198\\u2C69\\uA740\\uA742\\uA744\\uA7A2]","L":"[\\u004C\\u24C1\\uFF2C\\u013F\\u0139\\u013D\\u1E36\\u1E38\\u013B\\u1E3C\\u1E3A\\u0141\\u023D\\u2C62\\u2C60\\uA748\\uA746\\uA780]","LJ":"[\\u01C7]","Lj":"[\\u01C8]","M":"[\\u004D\\u24C2\\uFF2D\\u1E3E\\u1E40\\u1E42\\u2C6E\\u019C]","N":"[\\u004E\\u24C3\\uFF2E\\u01F8\\u0143\\u00D1\\u1E44\\u0147\\u1E46\\u0145\\u1E4A\\u1E48\\u0220\\u019D\\uA790\\uA7A4]","NJ":"[\\u01CA]","Nj":"[\\u01CB]","O":"[\\u004F\\u24C4\\uFF2F\\u00D2\\u00D3\\u00D4\\u1ED2\\u1ED0\\u1ED6\\u1ED4\\u00D5\\u1E4C\\u022C\\u1E4E\\u014C\\u1E50\\u1E52\\u014E\\u022E\\u0230\\u00D6\\u022A\\u1ECE\\u0150\\u01D1\\u020C\\u020E\\u01A0\\u1EDC\\u1EDA\\u1EE0\\u1EDE\\u1EE2\\u1ECC\\u1ED8\\u01EA\\u01EC\\u00D8\\u01FE\\u0186\\u019F\\uA74A\\uA74C]","OI":"[\\u01A2]","OO":"[\\uA74E]","OU":"[\\u0222]","P":"[\\u0050\\u24C5\\uFF30\\u1E54\\u1E56\\u01A4\\u2C63\\uA750\\uA752\\uA754]","Q":"[\\u0051\\u24C6\\uFF31\\uA756\\uA758\\u024A]","R":"[\\u0052\\u24C7\\uFF32\\u0154\\u1E58\\u0158\\u0210\\u0212\\u1E5A\\u1E5C\\u0156\\u1E5E\\u024C\\u2C64\\uA75A\\uA7A6\\uA782]","S":"[\\u0053\\u24C8\\uFF33\\u1E9E\\u015A\\u1E64\\u015C\\u1E60\\u0160\\u1E66\\u1E62\\u1E68\\u0218\\u015E\\u2C7E\\uA7A8\\uA784]","T":"[\\u0054\\u24C9\\uFF34\\u1E6A\\u0164\\u1E6C\\u021A\\u0162\\u1E70\\u1E6E\\u0166\\u01AC\\u01AE\\u023E\\uA786]","TZ":"[\\uA728]","U":"[\\u0055\\u24CA\\uFF35\\u00D9\\u00DA\\u00DB\\u0168\\u1E78\\u016A\\u1E7A\\u016C\\u00DC\\u01DB\\u01D7\\u01D5\\u01D9\\u1EE6\\u016E\\u0170\\u01D3\\u0214\\u0216\\u01AF\\u1EEA\\u1EE8\\u1EEE\\u1EEC\\u1EF0\\u1EE4\\u1E72\\u0172\\u1E76\\u1E74\\u0244]","V":"[\\u0056\\u24CB\\uFF36\\u1E7C\\u1E7E\\u01B2\\uA75E\\u0245]","VY":"[\\uA760]","W":"[\\u0057\\u24CC\\uFF37\\u1E80\\u1E82\\u0174\\u1E86\\u1E84\\u1E88\\u2C72]","X":"[\\u0058\\u24CD\\uFF38\\u1E8A\\u1E8C]","Y":"[\\u0059\\u24CE\\uFF39\\u1EF2\\u00DD\\u0176\\u1EF8\\u0232\\u1E8E\\u0178\\u1EF6\\u1EF4\\u01B3\\u024E\\u1EFE]","Z":"[\\u005A\\u24CF\\uFF3A\\u0179\\u1E90\\u017B\\u017D\\u1E92\\u1E94\\u01B5\\u0224\\u2C7F\\u2C6B\\uA762]","a":"[\\u0061\\u24D0\\uFF41\\u1E9A\\u00E0\\u00E1\\u00E2\\u1EA7\\u1EA5\\u1EAB\\u1EA9\\u00E3\\u0101\\u0103\\u1EB1\\u1EAF\\u1EB5\\u1EB3\\u0227\\u01E1\\u00E4\\u01DF\\u1EA3\\u00E5\\u01FB\\u01CE\\u0201\\u0203\\u1EA1\\u1EAD\\u1EB7\\u1E01\\u0105\\u2C65\\u0250]","aa":"[\\uA733]","ae":"[\\u00E6\\u01FD\\u01E3]","ao":"[\\uA735]","au":"[\\uA737]","av":"[\\uA739\\uA73B]","ay":"[\\uA73D]","b":"[\\u0062\\u24D1\\uFF42\\u1E03\\u1E05\\u1E07\\u0180\\u0183\\u0253]","c":"[\\u0063\\u24D2\\uFF43\\u0107\\u0109\\u010B\\u010D\\u00E7\\u1E09\\u0188\\u023C\\uA73F\\u2184]","d":"[\\u0064\\u24D3\\uFF44\\u1E0B\\u010F\\u1E0D\\u1E11\\u1E13\\u1E0F\\u0111\\u018C\\u0256\\u0257\\uA77A]","dz":"[\\u01F3\\u01C6]","e":"[\\u0065\\u24D4\\uFF45\\u00E8\\u00E9\\u00EA\\u1EC1\\u1EBF\\u1EC5\\u1EC3\\u1EBD\\u0113\\u1E15\\u1E17\\u0115\\u0117\\u00EB\\u1EBB\\u011B\\u0205\\u0207\\u1EB9\\u1EC7\\u0229\\u1E1D\\u0119\\u1E19\\u1E1B\\u0247\\u025B\\u01DD]","f":"[\\u0066\\u24D5\\uFF46\\u1E1F\\u0192\\uA77C]","g":"[\\u0067\\u24D6\\uFF47\\u01F5\\u011D\\u1E21\\u011F\\u0121\\u01E7\\u0123\\u01E5\\u0260\\uA7A1\\u1D79\\uA77F]","h":"[\\u0068\\u24D7\\uFF48\\u0125\\u1E23\\u1E27\\u021F\\u1E25\\u1E29\\u1E2B\\u1E96\\u0127\\u2C68\\u2C76\\u0265]","hv":"[\\u0195]","i":"[\\u0069\\u24D8\\uFF49\\u00EC\\u00ED\\u00EE\\u0129\\u012B\\u012D\\u00EF\\u1E2F\\u1EC9\\u01D0\\u0209\\u020B\\u1ECB\\u012F\\u1E2D\\u0268\\u0131]","j":"[\\u006A\\u24D9\\uFF4A\\u0135\\u01F0\\u0249]","k":"[\\u006B\\u24DA\\uFF4B\\u1E31\\u01E9\\u1E33\\u0137\\u1E35\\u0199\\u2C6A\\uA741\\uA743\\uA745\\uA7A3]","l":"[\\u006C\\u24DB\\uFF4C\\u0140\\u013A\\u013E\\u1E37\\u1E39\\u013C\\u1E3D\\u1E3B\\u017F\\u0142\\u019A\\u026B\\u2C61\\uA749\\uA781\\uA747]","lj":"[\\u01C9]","m":"[\\u006D\\u24DC\\uFF4D\\u1E3F\\u1E41\\u1E43\\u0271\\u026F]","n":"[\\u006E\\u24DD\\uFF4E\\u01F9\\u0144\\u00F1\\u1E45\\u0148\\u1E47\\u0146\\u1E4B\\u1E49\\u019E\\u0272\\u0149\\uA791\\uA7A5]","nj":"[\\u01CC]","o":"[\\u006F\\u24DE\\uFF4F\\u00F2\\u00F3\\u00F4\\u1ED3\\u1ED1\\u1ED7\\u1ED5\\u00F5\\u1E4D\\u022D\\u1E4F\\u014D\\u1E51\\u1E53\\u014F\\u022F\\u0231\\u00F6\\u022B\\u1ECF\\u0151\\u01D2\\u020D\\u020F\\u01A1\\u1EDD\\u1EDB\\u1EE1\\u1EDF\\u1EE3\\u1ECD\\u1ED9\\u01EB\\u01ED\\u00F8\\u01FF\\u0254\\uA74B\\uA74D\\u0275]","oi":"[\\u01A3]","ou":"[\\u0223]","oo":"[\\uA74F]","p":"[\\u0070\\u24DF\\uFF50\\u1E55\\u1E57\\u01A5\\u1D7D\\uA751\\uA753\\uA755]","q":"[\\u0071\\u24E0\\uFF51\\u024B\\uA757\\uA759]","r":"[\\u0072\\u24E1\\uFF52\\u0155\\u1E59\\u0159\\u0211\\u0213\\u1E5B\\u1E5D\\u0157\\u1E5F\\u024D\\u027D\\uA75B\\uA7A7\\uA783]","s":"[\\u0073\\u24E2\\uFF53\\u015B\\u1E65\\u015D\\u1E61\\u0161\\u1E67\\u1E63\\u1E69\\u0219\\u015F\\u023F\\uA7A9\\uA785\\u1E9B]","ss":"[\\u00DF]","t":"[\\u0074\\u24E3\\uFF54\\u1E6B\\u1E97\\u0165\\u1E6D\\u021B\\u0163\\u1E71\\u1E6F\\u0167\\u01AD\\u0288\\u2C66\\uA787]","tz":"[\\uA729]","u":"[\\u0075\\u24E4\\uFF55\\u00F9\\u00FA\\u00FB\\u0169\\u1E79\\u016B\\u1E7B\\u016D\\u00FC\\u01DC\\u01D8\\u01D6\\u01DA\\u1EE7\\u016F\\u0171\\u01D4\\u0215\\u0217\\u01B0\\u1EEB\\u1EE9\\u1EEF\\u1EED\\u1EF1\\u1EE5\\u1E73\\u0173\\u1E77\\u1E75\\u0289]","v":"[\\u0076\\u24E5\\uFF56\\u1E7D\\u1E7F\\u028B\\uA75F\\u028C]","vy":"[\\uA761]","w":"[\\u0077\\u24E6\\uFF57\\u1E81\\u1E83\\u0175\\u1E87\\u1E85\\u1E98\\u1E89\\u2C73]","x":"[\\u0078\\u24E7\\uFF58\\u1E8B\\u1E8D]","y":"[\\u0079\\u24E8\\uFF59\\u1EF3\\u00FD\\u0177\\u1EF9\\u0233\\u1E8F\\u00FF\\u1EF7\\u1E99\\u1EF5\\u01B4\\u024F\\u1EFF]","z":"[\\u007A\\u24E9\\uFF5A\\u017A\\u1E91\\u017C\\u017E\\u1E93\\u1E95\\u01B6\\u0225\\u0240\\u2C6C\\uA763]"},"researchesTests":["contentHasTOC","contentHasShortParagraphs","contentHasAssets","keywordInTitle","keywordInMetaDescription","keywordInPermalink","keywordIn10Percent","keywordInContent","keywordInSubheadings","keywordInImageAlt","keywordDensity","keywordNotUsed","lengthContent","lengthPermalink","linksHasInternal","linksHasExternals","linksNotAllExternals","titleStartWithKeyword","titleSentiment","titleHasPowerWords","titleHasNumber","hasContentAI"],"hasRedirection":false,"hasBreadcrumb":true},"homeUrl":"https:\/\/ftgkallefall.com\/lt\/","objectID":3216,"objectType":"post","locale":"lt","localeFull":"lt_LT","overlayImages":{"play":{"name":"Play icon","url":"https:\/\/ftgkallefall.com\/wp-content\/plugins\/seo-by-rank-math\/assets\/admin\/img\/icon-play.png","path":"\/home\/httpd\/ftgforest\/ftgforest.com\/public\/wp-content\/plugins\/seo-by-rank-math\/assets\/admin\/img\/icon-play.png","position":"middle_center"},"gif":{"name":"GIF icon","url":"https:\/\/ftgkallefall.com\/wp-content\/plugins\/seo-by-rank-math\/assets\/admin\/img\/icon-gif.png","path":"\/home\/httpd\/ftgforest\/ftgforest.com\/public\/wp-content\/plugins\/seo-by-rank-math\/assets\/admin\/img\/icon-gif.png","position":"middle_center"}},"defautOgImage":"https:\/\/ftgkallefall.com\/wp-content\/plugins\/seo-by-rank-math\/assets\/admin\/img\/social-placeholder.jpg","customPermalinks":true,"isUserRegistered":false,"autoSuggestKeywords":false,"connectSiteUrl":"https:\/\/rankmath.com\/auth?site=https%3A%2F%2Fftgkallefall.com%2Flt%2F&r=https%3A%2F%2Fftgkallefall.com%2Flt%2Fwp-json%2Fwp%2Fv2%2Fpages%2F3216%3Fnonce%3D1277ea46d5","maxTags":5,"trendsIcon":"<svg viewBox=\"0 0 610 610\"><path d=\"M18.85,446,174.32,290.48l58.08,58.08L76.93,504a14.54,14.54,0,0,1-20.55,0L18.83,466.48a14.54,14.54,0,0,1,0-20.55Z\" style=\"fill:#4285f4\"\/><path d=\"M242.65,242.66,377.59,377.6l-47.75,47.75a14.54,14.54,0,0,1-20.55,0L174.37,290.43l47.75-47.75A14.52,14.52,0,0,1,242.65,242.66Z\" style=\"fill:#ea4335\"\/><polygon points=\"319.53 319.53 479.26 159.8 537.34 217.88 377.61 377.62 319.53 319.53\" style=\"fill:#fabb05\"\/><path d=\"M594.26,262.73V118.61h0a16.94,16.94,0,0,0-16.94-16.94H433.2a16.94,16.94,0,0,0-12,28.92L565.34,274.71h0a16.94,16.94,0,0,0,28.92-12Z\" style=\"fill:#34a853\"\/><rect width=\"610\" height=\"610\" style=\"fill:none\"\/><\/svg>","showScore":true,"siteFavIcon":"https:\/\/ftgkallefall.com\/wp-content\/uploads\/sites\/2\/2024\/04\/favicon-kallefall-mowi-100x100.png","canUser":{"general":false,"advanced":false,"snippet":false,"social":false,"analysis":false,"analytics":false,"content_ai":false},"showKeywordIntent":true,"isPro":false,"is_front_page":false,"trendsUpgradeLink":"https:\/\/rankmath.com\/pricing\/?utm_source=Plugin&utm_medium=CE%20General%20Tab%20Trends&utm_campaign=WP","trendsUpgradeLabel":"Upgrade","trendsPreviewImage":"https:\/\/ftgkallefall.com\/wp-content\/plugins\/seo-by-rank-math\/assets\/admin\/img\/trends-preview.jpg","currentEditor":false,"homepageData":{"assessor":{"powerWords":[],"diacritics":true,"researchesTests":["contentHasTOC","contentHasShortParagraphs","contentHasAssets","keywordInTitle","keywordInMetaDescription","keywordInPermalink","keywordIn10Percent","keywordInContent","keywordInSubheadings","keywordInImageAlt","keywordDensity","keywordNotUsed","lengthContent","lengthPermalink","linksHasInternal","linksHasExternals","linksNotAllExternals","titleStartWithKeyword","titleSentiment","titleHasPowerWords","titleHasNumber","hasContentAI"],"hasBreadcrumb":true,"serpData":{"title":false,"description":"","titleTemplate":"%sitename% %page% %sep% %sitedesc%","descriptionTemplate":"","focusKeywords":"","breadcrumbTitle":"Home","robots":{"index":true},"advancedRobots":{"max-snippet":"-1","max-video-preview":"-1","max-image-preview":"large"},"facebookTitle":"","facebookDescription":"","facebookImage":"","facebookImageID":""}}},"tocTitle":"Table of Contents","tocExcludeHeadings":[],"listStyle":"ul"},"_links":{"self":[{"href":"https:\/\/ftgkallefall.com\/lt\/wp-json\/wp\/v2\/pages\/3216"}],"collection":[{"href":"https:\/\/ftgkallefall.com\/lt\/wp-json\/wp\/v2\/pages"}],"about":[{"href":"https:\/\/ftgkallefall.com\/lt\/wp-json\/wp\/v2\/types\/page"}],"author":[{"embeddable":true,"href":"https:\/\/ftgkallefall.com\/lt\/wp-json\/wp\/v2\/users\/1"}],"replies":[{"embeddable":true,"href":"https:\/\/ftgkallefall.com\/lt\/wp-json\/wp\/v2\/comments?post=3216"}],"version-history":[{"count":2,"href":"https:\/\/ftgkallefall.com\/lt\/wp-json\/wp\/v2\/pages\/3216\/revisions"}],"predecessor-version":[{"id":8066,"href":"https:\/\/ftgkallefall.com\/lt\/wp-json\/wp\/v2\/pages\/3216\/revisions\/8066"}],"up":[{"embeddable":true,"href":"https:\/\/ftgkallefall.com\/lt\/wp-json\/wp\/v2\/pages\/3182"}],"wp:attachment":[{"href":"https:\/\/ftgkallefall.com\/lt\/wp-json\/wp\/v2\/media?parent=3216"}],"curies":[{"name":"wp","href":"https:\/\/api.w.org\/{rel}","templated":true}]}}