{"id":3362,"date":"2024-05-09T18:53:48","date_gmt":"2024-05-09T16:53:48","guid":{"rendered":"https:\/\/ftgkallefall.com\/?post_type=product&#038;p=3362"},"modified":"2025-12-05T08:49:33","modified_gmt":"2025-12-05T06:49:33","slug":"skirstytuvas-8-sekciju","status":"publish","type":"product","link":"https:\/\/ftgkallefall.com\/lt\/produktas\/skirstytuvas-8-sekciju\/","title":{"rendered":"Skirstytuvas 8 sekcij\u0173"},"content":{"rendered":"<p>Tai vienblokis lengvas ir nedidelio dyd\u017eio hidraulinis valdymo skistytuvas, ypa\u010d naudojamas \u017eem\u0117s \u016bkio ir mi\u0161ko technikoje.<\/p>\n<p>Skirstytuvas pasi\u017eymi patogiu 2 svir\u010di\u0173 su 3 koordina\u010di\u0173 mechaniniu valdymu.<\/p>\n","protected":false},"excerpt":{"rendered":"<p>Tai vienblokis lengvas ir nedidelio dyd\u017eio hidraulinis valdymo skistytuvas, ypa\u010d naudojamas \u017eem\u0117s \u016bkio ir mi\u0161ko technikoje. Skirstytuvas pasi\u017eymi patogiu 2 svir\u010di\u0173 su 3 koordina\u010di\u0173 mechaniniu valdymu.<\/p>\n","protected":false},"featured_media":7272,"comment_status":"closed","ping_status":"closed","template":"","meta":{"_acf_changed":false,"inline_featured_image":false},"product_cat":[184,187],"product_tag":[],"acf":[],"_links":{"self":[{"href":"https:\/\/ftgkallefall.com\/lt\/wp-json\/wp\/v2\/product\/3362"}],"collection":[{"href":"https:\/\/ftgkallefall.com\/lt\/wp-json\/wp\/v2\/product"}],"about":[{"href":"https:\/\/ftgkallefall.com\/lt\/wp-json\/wp\/v2\/types\/product"}],"replies":[{"embeddable":true,"href":"https:\/\/ftgkallefall.com\/lt\/wp-json\/wp\/v2\/comments?post=3362"}],"wp:featuredmedia":[{"embeddable":true,"href":"https:\/\/ftgkallefall.com\/lt\/wp-json\/wp\/v2\/media\/7272"}],"wp:attachment":[{"href":"https:\/\/ftgkallefall.com\/lt\/wp-json\/wp\/v2\/media?parent=3362"}],"wp:term":[{"taxonomy":"product_cat","embeddable":true,"href":"https:\/\/ftgkallefall.com\/lt\/wp-json\/wp\/v2\/product_cat?post=3362"},{"taxonomy":"product_tag","embeddable":true,"href":"https:\/\/ftgkallefall.com\/lt\/wp-json\/wp\/v2\/product_tag?post=3362"}],"curies":[{"name":"wp","href":"https:\/\/api.w.org\/{rel}","templated":true}]}}