{"id":3367,"date":"2024-05-09T19:08:31","date_gmt":"2024-05-09T17:08:31","guid":{"rendered":"https:\/\/ftgkallefall.com\/?post_type=product&#038;p=3367"},"modified":"2025-12-05T10:17:30","modified_gmt":"2025-12-05T08:17:30","slug":"nuotolinio-valdymo-sistema","status":"publish","type":"product","link":"https:\/\/ftgkallefall.com\/lt\/produktas\/nuotolinio-valdymo-sistema\/","title":{"rendered":"Nuotolinio valdymo sistema"},"content":{"rendered":"<p>\u0160i sistema naudojama su hidrauliniu sekciniu skirstytuvu (paprastai 8 sekcijos), kuris nuotoliniu b\u016bdu valdomas 4 sekcij\u0173 proporciniu ir 4 sekcij\u0173 el. ON\/OFF valdymu naudojant nuotolinio valdymo ir imtuvo sistem\u0105.<br \/>\n\u0160ie skirstytuvai pasi\u017eymi labai tiksliomis valdymo charakteristikomis, jie veikia skland\u017eiai ir tiksliai, yra kompakti\u0161kos lengvos konstrukcijos.<\/p>\n","protected":false},"excerpt":{"rendered":"<p>\u0160i sistema naudojama su hidrauliniu sekciniu skirstytuvu (paprastai 8 sekcijos), kuris nuotoliniu b\u016bdu valdomas 4 sekcij\u0173 proporciniu ir 4 sekcij\u0173 el. ON\/OFF valdymu naudojant nuotolinio valdymo ir imtuvo sistem\u0105. \u0160ie skirstytuvai pasi\u017eymi labai tiksliomis valdymo charakteristikomis, jie veikia skland\u017eiai ir tiksliai, yra kompakti\u0161kos lengvos konstrukcijos.<\/p>\n","protected":false},"featured_media":3368,"comment_status":"closed","ping_status":"closed","template":"","meta":{"_acf_changed":false,"inline_featured_image":false},"product_cat":[184,187],"product_tag":[],"acf":[],"_links":{"self":[{"href":"https:\/\/ftgkallefall.com\/lt\/wp-json\/wp\/v2\/product\/3367"}],"collection":[{"href":"https:\/\/ftgkallefall.com\/lt\/wp-json\/wp\/v2\/product"}],"about":[{"href":"https:\/\/ftgkallefall.com\/lt\/wp-json\/wp\/v2\/types\/product"}],"replies":[{"embeddable":true,"href":"https:\/\/ftgkallefall.com\/lt\/wp-json\/wp\/v2\/comments?post=3367"}],"wp:featuredmedia":[{"embeddable":true,"href":"https:\/\/ftgkallefall.com\/lt\/wp-json\/wp\/v2\/media\/3368"}],"wp:attachment":[{"href":"https:\/\/ftgkallefall.com\/lt\/wp-json\/wp\/v2\/media?parent=3367"}],"wp:term":[{"taxonomy":"product_cat","embeddable":true,"href":"https:\/\/ftgkallefall.com\/lt\/wp-json\/wp\/v2\/product_cat?post=3367"},{"taxonomy":"product_tag","embeddable":true,"href":"https:\/\/ftgkallefall.com\/lt\/wp-json\/wp\/v2\/product_tag?post=3367"}],"curies":[{"name":"wp","href":"https:\/\/api.w.org\/{rel}","templated":true}]}}