{"id":3373,"date":"2024-05-09T19:02:24","date_gmt":"2024-05-09T17:02:24","guid":{"rendered":"https:\/\/ftgkallefall.com\/?post_type=product&#038;p=3373"},"modified":"2025-12-05T10:11:34","modified_gmt":"2025-12-05T08:11:34","slug":"zemo-slegio-valdymas-su-dzoistikais","status":"publish","type":"product","link":"https:\/\/ftgkallefall.com\/lt\/produktas\/zemo-slegio-valdymas-su-dzoistikais\/","title":{"rendered":"\u017demo sl\u0117gio valdymas su d\u017eoistikais"},"content":{"rendered":"<p>Tai lengvas ir nedidelio dyd\u017eio vienblokis hidraulinis valdymo vo\u017etuvas, specialiai sukurtas mi\u0161ko kranams.<\/p>\n<p>\u0160iame modelyje yra 4 sekcij\u0173 proporcinis ir 4 sekcij\u0173 el. ON\/OFF valdymas naudojant d\u017eoistikus, naudojant \u017eemo sl\u0117gio servo linijas ir el. kabelius.<\/p>\n","protected":false},"excerpt":{"rendered":"<p>Tai lengvas ir nedidelio dyd\u017eio vienblokis hidraulinis valdymo vo\u017etuvas, specialiai sukurtas mi\u0161ko kranams. \u0160iame modelyje yra 4 sekcij\u0173 proporcinis ir 4 sekcij\u0173 el. ON\/OFF valdymas naudojant d\u017eoistikus, naudojant \u017eemo sl\u0117gio servo linijas ir el. kabelius.<\/p>\n","protected":false},"featured_media":6906,"comment_status":"closed","ping_status":"closed","template":"","meta":{"_acf_changed":false,"inline_featured_image":false},"product_cat":[184,187],"product_tag":[],"acf":[],"_links":{"self":[{"href":"https:\/\/ftgkallefall.com\/lt\/wp-json\/wp\/v2\/product\/3373"}],"collection":[{"href":"https:\/\/ftgkallefall.com\/lt\/wp-json\/wp\/v2\/product"}],"about":[{"href":"https:\/\/ftgkallefall.com\/lt\/wp-json\/wp\/v2\/types\/product"}],"replies":[{"embeddable":true,"href":"https:\/\/ftgkallefall.com\/lt\/wp-json\/wp\/v2\/comments?post=3373"}],"wp:featuredmedia":[{"embeddable":true,"href":"https:\/\/ftgkallefall.com\/lt\/wp-json\/wp\/v2\/media\/6906"}],"wp:attachment":[{"href":"https:\/\/ftgkallefall.com\/lt\/wp-json\/wp\/v2\/media?parent=3373"}],"wp:term":[{"taxonomy":"product_cat","embeddable":true,"href":"https:\/\/ftgkallefall.com\/lt\/wp-json\/wp\/v2\/product_cat?post=3373"},{"taxonomy":"product_tag","embeddable":true,"href":"https:\/\/ftgkallefall.com\/lt\/wp-json\/wp\/v2\/product_tag?post=3373"}],"curies":[{"name":"wp","href":"https:\/\/api.w.org\/{rel}","templated":true}]}}