{"id":3376,"date":"2024-05-09T19:00:48","date_gmt":"2024-05-09T17:00:48","guid":{"rendered":"https:\/\/ftgkallefall.com\/?post_type=product&#038;p=3376"},"modified":"2025-12-05T10:04:05","modified_gmt":"2025-12-05T08:04:05","slug":"vienblokis-skirstytuvas","status":"publish","type":"product","link":"https:\/\/ftgkallefall.com\/lt\/produktas\/vienblokis-skirstytuvas\/","title":{"rendered":"Vienblokis skirstytuvas su ON\/OFF funkcija"},"content":{"rendered":"<p>Tai vienblokis lengvas ir nedidelio dyd\u017eio hidraulinis valdymo skirstytuvas, ypa\u010d naudojamas \u017eem\u0117s \u016bkio ir mi\u0161ko kranuose .<\/p>\n<p>Skirstytuvas turi patog\u0173 2 svir\u010di\u0173 (2 koordina\u010di\u0173) mechanin\u012f valdym\u0105.<\/p>\n","protected":false},"excerpt":{"rendered":"<p>Tai vienblokis lengvas ir nedidelio dyd\u017eio hidraulinis valdymo skirstytuvas, ypa\u010d naudojamas \u017eem\u0117s \u016bkio ir mi\u0161ko kranuose . Skirstytuvas turi patog\u0173 2 svir\u010di\u0173 (2 koordina\u010di\u0173) mechanin\u012f valdym\u0105.<\/p>\n","protected":false},"featured_media":3377,"comment_status":"closed","ping_status":"closed","template":"","meta":{"_acf_changed":false,"inline_featured_image":false},"product_cat":[184,187],"product_tag":[],"acf":[],"_links":{"self":[{"href":"https:\/\/ftgkallefall.com\/lt\/wp-json\/wp\/v2\/product\/3376"}],"collection":[{"href":"https:\/\/ftgkallefall.com\/lt\/wp-json\/wp\/v2\/product"}],"about":[{"href":"https:\/\/ftgkallefall.com\/lt\/wp-json\/wp\/v2\/types\/product"}],"replies":[{"embeddable":true,"href":"https:\/\/ftgkallefall.com\/lt\/wp-json\/wp\/v2\/comments?post=3376"}],"wp:featuredmedia":[{"embeddable":true,"href":"https:\/\/ftgkallefall.com\/lt\/wp-json\/wp\/v2\/media\/3377"}],"wp:attachment":[{"href":"https:\/\/ftgkallefall.com\/lt\/wp-json\/wp\/v2\/media?parent=3376"}],"wp:term":[{"taxonomy":"product_cat","embeddable":true,"href":"https:\/\/ftgkallefall.com\/lt\/wp-json\/wp\/v2\/product_cat?post=3376"},{"taxonomy":"product_tag","embeddable":true,"href":"https:\/\/ftgkallefall.com\/lt\/wp-json\/wp\/v2\/product_tag?post=3376"}],"curies":[{"name":"wp","href":"https:\/\/api.w.org\/{rel}","templated":true}]}}