{"id":3379,"date":"2024-05-09T18:50:12","date_gmt":"2024-05-09T16:50:12","guid":{"rendered":"https:\/\/ftgkallefall.com\/?post_type=product&#038;p=3379"},"modified":"2025-12-05T08:51:24","modified_gmt":"2025-12-05T06:51:24","slug":"skirstytuvas-7-sekciju","status":"publish","type":"product","link":"https:\/\/ftgkallefall.com\/lt\/produktas\/skirstytuvas-7-sekciju\/","title":{"rendered":"Skirstytuvas 7 sekcij\u0173"},"content":{"rendered":"<p>Tai lengvas ir nedidelio dyd\u017eio vienblokis hidraulinis valdymo skirstytuvas, specialiai sukurtas mi\u0161k\u0173 \u016bkio kranams.<\/p>\n<p>\u0160iame konkre\u010diame modelyje yra 2 svir\u010di\u0173 mechaninis valdymas.<\/p>\n","protected":false},"excerpt":{"rendered":"<p>Tai lengvas ir nedidelio dyd\u017eio vienblokis hidraulinis valdymo skirstytuvas, specialiai sukurtas mi\u0161k\u0173 \u016bkio kranams. \u0160iame konkre\u010diame modelyje yra 2 svir\u010di\u0173 mechaninis valdymas.<\/p>\n","protected":false},"featured_media":7282,"comment_status":"closed","ping_status":"closed","template":"","meta":{"_acf_changed":false,"inline_featured_image":false},"product_cat":[184,187],"product_tag":[],"acf":[],"_links":{"self":[{"href":"https:\/\/ftgkallefall.com\/lt\/wp-json\/wp\/v2\/product\/3379"}],"collection":[{"href":"https:\/\/ftgkallefall.com\/lt\/wp-json\/wp\/v2\/product"}],"about":[{"href":"https:\/\/ftgkallefall.com\/lt\/wp-json\/wp\/v2\/types\/product"}],"replies":[{"embeddable":true,"href":"https:\/\/ftgkallefall.com\/lt\/wp-json\/wp\/v2\/comments?post=3379"}],"wp:featuredmedia":[{"embeddable":true,"href":"https:\/\/ftgkallefall.com\/lt\/wp-json\/wp\/v2\/media\/7282"}],"wp:attachment":[{"href":"https:\/\/ftgkallefall.com\/lt\/wp-json\/wp\/v2\/media?parent=3379"}],"wp:term":[{"taxonomy":"product_cat","embeddable":true,"href":"https:\/\/ftgkallefall.com\/lt\/wp-json\/wp\/v2\/product_cat?post=3379"},{"taxonomy":"product_tag","embeddable":true,"href":"https:\/\/ftgkallefall.com\/lt\/wp-json\/wp\/v2\/product_tag?post=3379"}],"curies":[{"name":"wp","href":"https:\/\/api.w.org\/{rel}","templated":true}]}}