{"id":3382,"date":"2024-05-09T18:56:01","date_gmt":"2024-05-09T16:56:01","guid":{"rendered":"https:\/\/ftgkallefall.com\/?post_type=product&#038;p=3382"},"modified":"2026-01-08T16:46:16","modified_gmt":"2026-01-08T14:46:16","slug":"on-off-8-sekciju-skirstytuvas","status":"publish","type":"product","link":"https:\/\/ftgkallefall.com\/lt\/produktas\/on-off-8-sekciju-skirstytuvas\/","title":{"rendered":"On\/Off 8 sekcij\u0173 skirstytuvas"},"content":{"rendered":"<p>Tai vienblokis lengvas ir nedidelio dyd\u017eio hidraulinis valdymo vo\u017etuvas, ypa\u010d naudojamas \u017eem\u0117s \u016bkio ir mi\u0161ko kranuose.<\/p>\n<p>CRV60 2-V \u012fjungimo \/ i\u0161jungimo funkcija turi patogi\u0105 2 svir\u010di\u0173 mechanin\u0119 su 2 elektrinio valdymo sekcijomis.<\/p>\n","protected":false},"excerpt":{"rendered":"<p>Tai vienblokis lengvas ir nedidelio dyd\u017eio hidraulinis valdymo vo\u017etuvas, ypa\u010d naudojamas \u017eem\u0117s \u016bkio ir mi\u0161ko kranuose. CRV60 2-V \u012fjungimo \/ i\u0161jungimo funkcija turi patogi\u0105 2 svir\u010di\u0173 mechanin\u0119 su 2 elektrinio valdymo sekcijomis.<\/p>\n","protected":false},"featured_media":7277,"comment_status":"closed","ping_status":"closed","template":"","meta":{"_acf_changed":false,"inline_featured_image":false},"product_cat":[184,187],"product_tag":[],"acf":[],"_links":{"self":[{"href":"https:\/\/ftgkallefall.com\/lt\/wp-json\/wp\/v2\/product\/3382"}],"collection":[{"href":"https:\/\/ftgkallefall.com\/lt\/wp-json\/wp\/v2\/product"}],"about":[{"href":"https:\/\/ftgkallefall.com\/lt\/wp-json\/wp\/v2\/types\/product"}],"replies":[{"embeddable":true,"href":"https:\/\/ftgkallefall.com\/lt\/wp-json\/wp\/v2\/comments?post=3382"}],"wp:featuredmedia":[{"embeddable":true,"href":"https:\/\/ftgkallefall.com\/lt\/wp-json\/wp\/v2\/media\/7277"}],"wp:attachment":[{"href":"https:\/\/ftgkallefall.com\/lt\/wp-json\/wp\/v2\/media?parent=3382"}],"wp:term":[{"taxonomy":"product_cat","embeddable":true,"href":"https:\/\/ftgkallefall.com\/lt\/wp-json\/wp\/v2\/product_cat?post=3382"},{"taxonomy":"product_tag","embeddable":true,"href":"https:\/\/ftgkallefall.com\/lt\/wp-json\/wp\/v2\/product_tag?post=3382"}],"curies":[{"name":"wp","href":"https:\/\/api.w.org\/{rel}","templated":true}]}}