{"id":3409,"date":"2023-12-20T13:31:55","date_gmt":"2023-12-20T11:31:55","guid":{"rendered":"https:\/\/ftgkallefall.com\/?post_type=product&#038;p=3409"},"modified":"2025-04-11T09:15:36","modified_gmt":"2025-04-11T07:15:36","slug":"brash-griebtuvas-fb210s","status":"publish","type":"product","link":"https:\/\/ftgkallefall.com\/lt\/produktas\/brash-griebtuvas-fb210s\/","title":{"rendered":"\u201e\u0160ak\u0173\u201c griebtuvas FB210S"},"content":{"rendered":"<p>FB210S griebtuvas yra did\u017eiausias m\u016bs\u0173 \u012frankis, skirtas kr\u016bmams, \u0161akoms ir medienos r\u0105stams tvarkyti. Griebtuvai yra tvirti ir universal\u016bs, kad darbas b\u016bt\u0173 greitas ir lengvas. Pla\u010dios atidaromos rankos su vienu hidrauliniu cilindru u\u017etikrina didel\u0119 su\u0117mimo j\u0117g\u0105 ir greit\u0105 ciklo laik\u0105, maksimaliai padidinant pakrovimo na\u0161um\u0105. Griebtuvo r\u0117mas ir \u017enypl\u0117s pagaminti i\u0161 didelio tempimo plieno, kuris u\u017etikrina didel\u012f patikimum\u0105 ir paprast\u0105 valdym\u0105. (Reikalingas adapteris FBPBA2195 arba FBPBA2196, tinka 3 t arba 4 t rotatoriui.) Tinka kranui FB69T.G2.<\/p>\n","protected":false},"excerpt":{"rendered":"<p>Did\u017eiausias i\u0161skleidimas 1310 mm, su\u0117mimo plotas 0,21 m<sup>2<\/sup><\/p>\n","protected":false},"featured_media":7166,"comment_status":"closed","ping_status":"closed","template":"","meta":{"_acf_changed":false,"inline_featured_image":false},"product_cat":[184,185],"product_tag":[],"acf":[],"_links":{"self":[{"href":"https:\/\/ftgkallefall.com\/lt\/wp-json\/wp\/v2\/product\/3409"}],"collection":[{"href":"https:\/\/ftgkallefall.com\/lt\/wp-json\/wp\/v2\/product"}],"about":[{"href":"https:\/\/ftgkallefall.com\/lt\/wp-json\/wp\/v2\/types\/product"}],"replies":[{"embeddable":true,"href":"https:\/\/ftgkallefall.com\/lt\/wp-json\/wp\/v2\/comments?post=3409"}],"wp:featuredmedia":[{"embeddable":true,"href":"https:\/\/ftgkallefall.com\/lt\/wp-json\/wp\/v2\/media\/7166"}],"wp:attachment":[{"href":"https:\/\/ftgkallefall.com\/lt\/wp-json\/wp\/v2\/media?parent=3409"}],"wp:term":[{"taxonomy":"product_cat","embeddable":true,"href":"https:\/\/ftgkallefall.com\/lt\/wp-json\/wp\/v2\/product_cat?post=3409"},{"taxonomy":"product_tag","embeddable":true,"href":"https:\/\/ftgkallefall.com\/lt\/wp-json\/wp\/v2\/product_tag?post=3409"}],"curies":[{"name":"wp","href":"https:\/\/api.w.org\/{rel}","templated":true}]}}