{"id":3413,"date":"2023-12-20T12:44:50","date_gmt":"2023-12-20T10:44:50","guid":{"rendered":"https:\/\/ftgkallefall.com\/?post_type=product&#038;p=3413"},"modified":"2025-12-05T10:25:09","modified_gmt":"2025-12-05T08:25:09","slug":"griebtuvas-fb120","status":"publish","type":"product","link":"https:\/\/ftgkallefall.com\/lt\/produktas\/griebtuvas-fb120\/","title":{"rendered":"Griebtuvas FB120"},"content":{"rendered":"<p>Griebtuvas FB120 pagamintas i\u0161 auk\u0161tos kokyb\u0117s med\u017eiag\u0173, kad b\u016bt\u0173 ilgaam\u017eis ir patikimas.<\/p>\n<p>Pagrindin\u0117 griebtuvo konstrukcija sudaryta i\u0161 profiliuoto pagrindinio r\u0117mo ir puikios \u017eiaunos geometrijos su pla\u010dia anga. Lengva, bet tvirta konstrukcija buvo vienas svarbiausi\u0173 griebtuvo konstrukcijos aspekt\u0173.<\/p>\n<p>Vienas hidraulinis cilindras valdo griebtuvo \u017eiaunas, kartu u\u017etikrindamas didel\u0119 su\u0117mimo j\u0117g\u0105 ir greit\u0105 ciklo laik\u0105, maksimaliai padidinant pakrovimo na\u0161um\u0105.<\/p>\n<p>Griebtuvas FB120 puikiai tinka prie kran\u0173: FB42L ir FB51.<\/p>\n","protected":false},"excerpt":{"rendered":"<p>Did\u017eiausias i\u0161skleidimas 760 mm, su\u0117mimo plotas 0,12 m<sup>2<\/sup><\/p>\n","protected":false},"featured_media":6912,"comment_status":"closed","ping_status":"closed","template":"","meta":{"_acf_changed":false,"inline_featured_image":false},"product_cat":[184,185],"product_tag":[],"acf":[],"_links":{"self":[{"href":"https:\/\/ftgkallefall.com\/lt\/wp-json\/wp\/v2\/product\/3413"}],"collection":[{"href":"https:\/\/ftgkallefall.com\/lt\/wp-json\/wp\/v2\/product"}],"about":[{"href":"https:\/\/ftgkallefall.com\/lt\/wp-json\/wp\/v2\/types\/product"}],"replies":[{"embeddable":true,"href":"https:\/\/ftgkallefall.com\/lt\/wp-json\/wp\/v2\/comments?post=3413"}],"wp:featuredmedia":[{"embeddable":true,"href":"https:\/\/ftgkallefall.com\/lt\/wp-json\/wp\/v2\/media\/6912"}],"wp:attachment":[{"href":"https:\/\/ftgkallefall.com\/lt\/wp-json\/wp\/v2\/media?parent=3413"}],"wp:term":[{"taxonomy":"product_cat","embeddable":true,"href":"https:\/\/ftgkallefall.com\/lt\/wp-json\/wp\/v2\/product_cat?post=3413"},{"taxonomy":"product_tag","embeddable":true,"href":"https:\/\/ftgkallefall.com\/lt\/wp-json\/wp\/v2\/product_tag?post=3413"}],"curies":[{"name":"wp","href":"https:\/\/api.w.org\/{rel}","templated":true}]}}