{"id":3418,"date":"2024-01-29T10:24:35","date_gmt":"2024-01-29T08:24:35","guid":{"rendered":"https:\/\/ftgkallefall.com\/?post_type=product&#038;p=3418"},"modified":"2025-12-08T13:47:49","modified_gmt":"2025-12-08T11:47:49","slug":"misko-priekaba-fb50-2","status":"publish","type":"product","link":"https:\/\/ftgkallefall.com\/lt\/produktas\/misko-priekaba-fb50-2\/","title":{"rendered":"Mi\u0161ko priekaba FB50"},"content":{"rendered":"<p>Standartin\u0117 mi\u0161ko priekaba FB50 turi centrin\u0117s sijos r\u0117m\u0105, fiksuot\u0105 ties\u0173 gr\u0105\u017eul\u0105 su sukam\u0105ja vilkimo kilpa \u00d840 mm arba \u00d850 mm, tvirt\u0105 krano pagrind\u0105 su hidraulin\u0117mis atlenkiamomis atramin\u0117mis kojomis, kilpas \u012ftempimo dir\u017eui, 3 tarpin\u0117s su 6 statrams\u010diais ir 11,5\/80-15,3 ratus.<\/p>\n<p>Priekaba turi homologacijos sertifikat\u0105.<\/p>\n","protected":false},"excerpt":{"rendered":"<p>5 ton\u0173 maksimali krova, did\u017eiausias leistinas bendras svoris iki 6,3 tonos<\/p>\n","protected":false},"featured_media":3417,"comment_status":"closed","ping_status":"closed","template":"","meta":{"_acf_changed":false,"inline_featured_image":false},"product_cat":[182],"product_tag":[],"acf":[],"_links":{"self":[{"href":"https:\/\/ftgkallefall.com\/lt\/wp-json\/wp\/v2\/product\/3418"}],"collection":[{"href":"https:\/\/ftgkallefall.com\/lt\/wp-json\/wp\/v2\/product"}],"about":[{"href":"https:\/\/ftgkallefall.com\/lt\/wp-json\/wp\/v2\/types\/product"}],"replies":[{"embeddable":true,"href":"https:\/\/ftgkallefall.com\/lt\/wp-json\/wp\/v2\/comments?post=3418"}],"wp:featuredmedia":[{"embeddable":true,"href":"https:\/\/ftgkallefall.com\/lt\/wp-json\/wp\/v2\/media\/3417"}],"wp:attachment":[{"href":"https:\/\/ftgkallefall.com\/lt\/wp-json\/wp\/v2\/media?parent=3418"}],"wp:term":[{"taxonomy":"product_cat","embeddable":true,"href":"https:\/\/ftgkallefall.com\/lt\/wp-json\/wp\/v2\/product_cat?post=3418"},{"taxonomy":"product_tag","embeddable":true,"href":"https:\/\/ftgkallefall.com\/lt\/wp-json\/wp\/v2\/product_tag?post=3418"}],"curies":[{"name":"wp","href":"https:\/\/api.w.org\/{rel}","templated":true}]}}