{"id":3429,"date":"2024-01-29T10:54:45","date_gmt":"2024-01-29T08:54:45","guid":{"rendered":"https:\/\/ftgkallefall.com\/?post_type=product&#038;p=3429"},"modified":"2025-12-08T09:27:56","modified_gmt":"2025-12-08T07:27:56","slug":"misko-priekaba-fb60","status":"publish","type":"product","link":"https:\/\/ftgkallefall.com\/lt\/produktas\/misko-priekaba-fb60\/","title":{"rendered":"Mi\u0161ko priekaba FB60"},"content":{"rendered":"<p>Mi\u0161ko priekaba FB60 turi sustiprint\u0105 centrin\u0117s sijos r\u0117m\u0105, fiksuot\u0105 ties\u0173 gr\u0105\u017eul\u0105 su sukam\u0105ja vilkimo kilpa \u00d840 mm arba \u00d850 mm, tvirt\u0105 krano pagrind\u0105 su hidraulin\u0117mis atlenkiamomis atramin\u0117mis kojomis, kilpas \u012ftempimo dir\u017eui, 3 kilnojamas tarpin\u0117s su 6 statrams\u010diais ir 11,5\/80-15,3 ratus.<\/p>\n<p>Priekaba turi homologacijos sertifikat\u0105.<\/p>\n","protected":false},"excerpt":{"rendered":"<p>6 ton\u0173 keliamoji galia, did\u017eiausias leistinas bendras svoris iki 7,5 tonos<\/p>\n","protected":false},"featured_media":3448,"comment_status":"closed","ping_status":"closed","template":"","meta":{"_acf_changed":false,"inline_featured_image":false},"product_cat":[182],"product_tag":[],"acf":[],"_links":{"self":[{"href":"https:\/\/ftgkallefall.com\/lt\/wp-json\/wp\/v2\/product\/3429"}],"collection":[{"href":"https:\/\/ftgkallefall.com\/lt\/wp-json\/wp\/v2\/product"}],"about":[{"href":"https:\/\/ftgkallefall.com\/lt\/wp-json\/wp\/v2\/types\/product"}],"replies":[{"embeddable":true,"href":"https:\/\/ftgkallefall.com\/lt\/wp-json\/wp\/v2\/comments?post=3429"}],"wp:featuredmedia":[{"embeddable":true,"href":"https:\/\/ftgkallefall.com\/lt\/wp-json\/wp\/v2\/media\/3448"}],"wp:attachment":[{"href":"https:\/\/ftgkallefall.com\/lt\/wp-json\/wp\/v2\/media?parent=3429"}],"wp:term":[{"taxonomy":"product_cat","embeddable":true,"href":"https:\/\/ftgkallefall.com\/lt\/wp-json\/wp\/v2\/product_cat?post=3429"},{"taxonomy":"product_tag","embeddable":true,"href":"https:\/\/ftgkallefall.com\/lt\/wp-json\/wp\/v2\/product_tag?post=3429"}],"curies":[{"name":"wp","href":"https:\/\/api.w.org\/{rel}","templated":true}]}}