{"id":3450,"date":"2023-12-28T14:30:28","date_gmt":"2023-12-28T12:30:28","guid":{"rendered":"https:\/\/ftgkallefall.com\/?post_type=product&#038;p=3450"},"modified":"2025-12-08T08:11:40","modified_gmt":"2025-12-08T06:11:40","slug":"4t-rotatorius","status":"publish","type":"product","link":"https:\/\/ftgkallefall.com\/lt\/produktas\/4t-rotatorius\/","title":{"rendered":"4T rotatorius"},"content":{"rendered":"<p>Lengvas ir efektyvus neriboto sukimosi hidraulinis rotatorius CR400 tinka visiems did\u017eiausiems FTG \u201eK\u00e4llefall\u201c griebtuvams ir kau\u0161ams. Tai veleno modelis &#8211; kai reikia did\u017eiausio na\u0161umo ir galios. Jis puikiai tinka bet kokioms med\u017eiagoms pakrauti ir i\u0161krauti mi\u0161ko \u016bkyje.<\/p>\n","protected":false},"excerpt":{"rendered":"<p>4 t rotatorius, kai\u0161tis 59 mm<\/p>\n","protected":false},"featured_media":3452,"comment_status":"open","ping_status":"closed","template":"","meta":{"_acf_changed":false,"inline_featured_image":false},"product_cat":[184,186],"product_tag":[],"acf":[],"_links":{"self":[{"href":"https:\/\/ftgkallefall.com\/lt\/wp-json\/wp\/v2\/product\/3450"}],"collection":[{"href":"https:\/\/ftgkallefall.com\/lt\/wp-json\/wp\/v2\/product"}],"about":[{"href":"https:\/\/ftgkallefall.com\/lt\/wp-json\/wp\/v2\/types\/product"}],"replies":[{"embeddable":true,"href":"https:\/\/ftgkallefall.com\/lt\/wp-json\/wp\/v2\/comments?post=3450"}],"wp:featuredmedia":[{"embeddable":true,"href":"https:\/\/ftgkallefall.com\/lt\/wp-json\/wp\/v2\/media\/3452"}],"wp:attachment":[{"href":"https:\/\/ftgkallefall.com\/lt\/wp-json\/wp\/v2\/media?parent=3450"}],"wp:term":[{"taxonomy":"product_cat","embeddable":true,"href":"https:\/\/ftgkallefall.com\/lt\/wp-json\/wp\/v2\/product_cat?post=3450"},{"taxonomy":"product_tag","embeddable":true,"href":"https:\/\/ftgkallefall.com\/lt\/wp-json\/wp\/v2\/product_tag?post=3450"}],"curies":[{"name":"wp","href":"https:\/\/api.w.org\/{rel}","templated":true}]}}