{"id":3453,"date":"2023-12-28T14:39:10","date_gmt":"2023-12-28T12:39:10","guid":{"rendered":"https:\/\/ftgkallefall.com\/?post_type=product&#038;p=3453"},"modified":"2025-12-08T08:29:33","modified_gmt":"2025-12-08T06:29:33","slug":"4t-flansinis-rotatorius","status":"publish","type":"product","link":"https:\/\/ftgkallefall.com\/lt\/produktas\/4t-flansinis-rotatorius\/","title":{"rendered":"4T flan\u0161inis rotatorius"},"content":{"rendered":"<p>Flan\u0161iniai modeliai naudojami, kai reikia \u017eemos konstrukcijos ir lanks\u010dios s\u0105sajos. Hidraulinis rotatorius puikiai tinka griebtuvams, kau\u0161ams kurie turi flan\u0161in\u012f tvirtinim\u0105.<\/p>\n<p>Pasi\u017eymi puikia laikom\u0105ja galia ir labai dideliu sukimo momentu. Rotatorius gali atlaikyti labai dideles dinamines ir statines apkrovas abiem kryptimis, taip pat dideles \u0161onines j\u0117gas.<\/p>\n","protected":false},"excerpt":{"rendered":"<p>4 t rotatorius, flan\u0161inis<\/p>\n","protected":false},"featured_media":3455,"comment_status":"open","ping_status":"closed","template":"","meta":{"_acf_changed":false,"inline_featured_image":false},"product_cat":[184,186],"product_tag":[],"acf":[],"_links":{"self":[{"href":"https:\/\/ftgkallefall.com\/lt\/wp-json\/wp\/v2\/product\/3453"}],"collection":[{"href":"https:\/\/ftgkallefall.com\/lt\/wp-json\/wp\/v2\/product"}],"about":[{"href":"https:\/\/ftgkallefall.com\/lt\/wp-json\/wp\/v2\/types\/product"}],"replies":[{"embeddable":true,"href":"https:\/\/ftgkallefall.com\/lt\/wp-json\/wp\/v2\/comments?post=3453"}],"wp:featuredmedia":[{"embeddable":true,"href":"https:\/\/ftgkallefall.com\/lt\/wp-json\/wp\/v2\/media\/3455"}],"wp:attachment":[{"href":"https:\/\/ftgkallefall.com\/lt\/wp-json\/wp\/v2\/media?parent=3453"}],"wp:term":[{"taxonomy":"product_cat","embeddable":true,"href":"https:\/\/ftgkallefall.com\/lt\/wp-json\/wp\/v2\/product_cat?post=3453"},{"taxonomy":"product_tag","embeddable":true,"href":"https:\/\/ftgkallefall.com\/lt\/wp-json\/wp\/v2\/product_tag?post=3453"}],"curies":[{"name":"wp","href":"https:\/\/api.w.org\/{rel}","templated":true}]}}