{"id":3457,"date":"2024-01-29T11:00:15","date_gmt":"2024-01-29T09:00:15","guid":{"rendered":"https:\/\/ftgkallefall.com\/?post_type=product&#038;p=3457"},"modified":"2025-12-08T09:29:40","modified_gmt":"2025-12-08T07:29:40","slug":"misko-priekaba-fb70","status":"publish","type":"product","link":"https:\/\/ftgkallefall.com\/lt\/produktas\/misko-priekaba-fb70\/","title":{"rendered":"Mi\u0161ko priekaba FB70"},"content":{"rendered":"<p>Mi\u0161ko priekaba FB70 turi centrin\u0117s sijos r\u0117m\u0105, ties\u0173 gr\u0105\u017eul\u0105 su sukam\u0105ja vilkimo kilpa \u00d850 mm, hidraulin\u012f gr\u0105\u017eul\u0105, tvirt\u0105 krano pagrind\u0105, hidraulines teleskopines atramines kojas, kilpas \u012ftempimo dir\u017eui, 3\u00a0 tarpin\u0117s su 6 statrams\u010diais ir 11,5\/80-15,3 ratus.<\/p>\n<p>Priekaba turi homologacijos sertifikat\u0105.<\/p>\n","protected":false},"excerpt":{"rendered":"<p>7 ton\u0173 maksimali krova, did\u017eiausias leistinas bendras svoris iki 9 ton\u0173<\/p>\n","protected":false},"featured_media":4896,"comment_status":"closed","ping_status":"closed","template":"","meta":{"_acf_changed":false,"inline_featured_image":false},"product_cat":[182],"product_tag":[],"acf":[],"_links":{"self":[{"href":"https:\/\/ftgkallefall.com\/lt\/wp-json\/wp\/v2\/product\/3457"}],"collection":[{"href":"https:\/\/ftgkallefall.com\/lt\/wp-json\/wp\/v2\/product"}],"about":[{"href":"https:\/\/ftgkallefall.com\/lt\/wp-json\/wp\/v2\/types\/product"}],"replies":[{"embeddable":true,"href":"https:\/\/ftgkallefall.com\/lt\/wp-json\/wp\/v2\/comments?post=3457"}],"wp:featuredmedia":[{"embeddable":true,"href":"https:\/\/ftgkallefall.com\/lt\/wp-json\/wp\/v2\/media\/4896"}],"wp:attachment":[{"href":"https:\/\/ftgkallefall.com\/lt\/wp-json\/wp\/v2\/media?parent=3457"}],"wp:term":[{"taxonomy":"product_cat","embeddable":true,"href":"https:\/\/ftgkallefall.com\/lt\/wp-json\/wp\/v2\/product_cat?post=3457"},{"taxonomy":"product_tag","embeddable":true,"href":"https:\/\/ftgkallefall.com\/lt\/wp-json\/wp\/v2\/product_tag?post=3457"}],"curies":[{"name":"wp","href":"https:\/\/api.w.org\/{rel}","templated":true}]}}