{"id":3478,"date":"2024-01-29T11:27:53","date_gmt":"2024-01-29T09:27:53","guid":{"rendered":"https:\/\/ftgkallefall.com\/?post_type=product&#038;p=3478"},"modified":"2025-12-08T13:42:48","modified_gmt":"2025-12-08T11:42:48","slug":"misko-priekaba-fb90","status":"publish","type":"product","link":"https:\/\/ftgkallefall.com\/lt\/produktas\/misko-priekaba-fb90\/","title":{"rendered":"Mi\u0161ko priekaba FB90"},"content":{"rendered":"<p>Mi\u0161ko priekaba FB90 turi centrin\u0117s sijos r\u0117m\u0105, ties\u0173 gr\u0105\u017eul\u0105 su besisukan\u010dia vilkimo kilpa \u00d850 mm, hidraulin\u012f gr\u0105\u017eul\u0105, tvirt\u0105 krano pagrind\u0105, hidraulines teleskopines atramines kojas, \u012franki\u0173 d\u0117\u017ees, kilpas \u012ftempimo dir\u017eui, 3 tarpin\u0117s su 6 statrams\u010diais ir 400\/60-15,5 ratus.<\/p>\n<p>Priekaba turi homologoacijos sertifikat\u0105.<\/p>\n","protected":false},"excerpt":{"rendered":"<p>9 ton\u0173 maksimali krova, did\u017eiausias leistinas bendras svoris iki 11,3 tonos<\/p>\n","protected":false},"featured_media":3484,"comment_status":"closed","ping_status":"closed","template":"","meta":{"_acf_changed":false,"inline_featured_image":false},"product_cat":[182],"product_tag":[],"acf":[],"_links":{"self":[{"href":"https:\/\/ftgkallefall.com\/lt\/wp-json\/wp\/v2\/product\/3478"}],"collection":[{"href":"https:\/\/ftgkallefall.com\/lt\/wp-json\/wp\/v2\/product"}],"about":[{"href":"https:\/\/ftgkallefall.com\/lt\/wp-json\/wp\/v2\/types\/product"}],"replies":[{"embeddable":true,"href":"https:\/\/ftgkallefall.com\/lt\/wp-json\/wp\/v2\/comments?post=3478"}],"wp:featuredmedia":[{"embeddable":true,"href":"https:\/\/ftgkallefall.com\/lt\/wp-json\/wp\/v2\/media\/3484"}],"wp:attachment":[{"href":"https:\/\/ftgkallefall.com\/lt\/wp-json\/wp\/v2\/media?parent=3478"}],"wp:term":[{"taxonomy":"product_cat","embeddable":true,"href":"https:\/\/ftgkallefall.com\/lt\/wp-json\/wp\/v2\/product_cat?post=3478"},{"taxonomy":"product_tag","embeddable":true,"href":"https:\/\/ftgkallefall.com\/lt\/wp-json\/wp\/v2\/product_tag?post=3478"}],"curies":[{"name":"wp","href":"https:\/\/api.w.org\/{rel}","templated":true}]}}