{"id":3497,"date":"2024-01-30T10:57:36","date_gmt":"2024-01-30T08:57:36","guid":{"rendered":"https:\/\/ftgkallefall.com\/?post_type=product&#038;p=3497"},"modified":"2025-12-08T14:10:57","modified_gmt":"2025-12-08T12:10:57","slug":"misko-priekaba-fb90d","status":"publish","type":"product","link":"https:\/\/ftgkallefall.com\/lt\/produktas\/misko-priekaba-fb90d\/","title":{"rendered":"Mi\u0161ko priekaba FB90D"},"content":{"rendered":"<p>Mi\u0161ko priekaba FB90D turi dvigubos sijos r\u0117m\u0105, ties\u0173 gr\u0105\u017eul\u0105 su besisukan\u010dia vilkimo kilp\u0105 \u00d850 mm, hidraulin\u012f vairuojam\u0105j\u0105 gr\u0105\u017eul\u0105, tvirt\u0105 krano pagrind\u0105, hidraulines teleskopines kojas, hidraulini\u0173 \u017earn\u0173 laikikl\u012f, statrams\u010di\u0173 tvirtinim\u0105 nuo i\u0161kritimo, kilpas \u012ftempimo dir\u017eui, statrams\u010di\u0173 laikikl\u012f 1 metro medienai ve\u017eti, 4 poros statrams\u010di\u0173 (i\u0161 viso 8 statrams\u010diai) ir 400\/60-15,5 ratus.<\/p>\n","protected":false},"excerpt":{"rendered":"<p>9 ton\u0173 maksimali krova, did\u017eiausias leistinas bendras svoris iki 11,3 tonos<\/p>\n","protected":false},"featured_media":3507,"comment_status":"closed","ping_status":"closed","template":"","meta":{"_acf_changed":false,"inline_featured_image":false},"product_cat":[182],"product_tag":[],"acf":[],"_links":{"self":[{"href":"https:\/\/ftgkallefall.com\/lt\/wp-json\/wp\/v2\/product\/3497"}],"collection":[{"href":"https:\/\/ftgkallefall.com\/lt\/wp-json\/wp\/v2\/product"}],"about":[{"href":"https:\/\/ftgkallefall.com\/lt\/wp-json\/wp\/v2\/types\/product"}],"replies":[{"embeddable":true,"href":"https:\/\/ftgkallefall.com\/lt\/wp-json\/wp\/v2\/comments?post=3497"}],"wp:featuredmedia":[{"embeddable":true,"href":"https:\/\/ftgkallefall.com\/lt\/wp-json\/wp\/v2\/media\/3507"}],"wp:attachment":[{"href":"https:\/\/ftgkallefall.com\/lt\/wp-json\/wp\/v2\/media?parent=3497"}],"wp:term":[{"taxonomy":"product_cat","embeddable":true,"href":"https:\/\/ftgkallefall.com\/lt\/wp-json\/wp\/v2\/product_cat?post=3497"},{"taxonomy":"product_tag","embeddable":true,"href":"https:\/\/ftgkallefall.com\/lt\/wp-json\/wp\/v2\/product_tag?post=3497"}],"curies":[{"name":"wp","href":"https:\/\/api.w.org\/{rel}","templated":true}]}}