{"id":3510,"date":"2024-01-11T07:43:14","date_gmt":"2024-01-11T05:43:14","guid":{"rendered":"https:\/\/ftgkallefall.com\/?post_type=product&#038;p=3510"},"modified":"2025-02-09T21:31:52","modified_gmt":"2025-02-09T19:31:52","slug":"5t-flansinis-rotatorius-cr505","status":"publish","type":"product","link":"https:\/\/ftgkallefall.com\/lt\/produktas\/5t-flansinis-rotatorius-cr505\/","title":{"rendered":"5T flan\u0161inis rotatorius CR505"},"content":{"rendered":"<p>5,5 tonos rotatorius su 6\u00d7173 flan\u0161u.<\/p>\n","protected":false},"excerpt":{"rendered":"<p>5,5 tonos rotatorius su 6\u00d7173 flan\u0161u.<\/p>\n","protected":false},"featured_media":3512,"comment_status":"open","ping_status":"closed","template":"","meta":{"_acf_changed":false,"inline_featured_image":false},"product_cat":[184,186],"product_tag":[],"acf":[],"_links":{"self":[{"href":"https:\/\/ftgkallefall.com\/lt\/wp-json\/wp\/v2\/product\/3510"}],"collection":[{"href":"https:\/\/ftgkallefall.com\/lt\/wp-json\/wp\/v2\/product"}],"about":[{"href":"https:\/\/ftgkallefall.com\/lt\/wp-json\/wp\/v2\/types\/product"}],"replies":[{"embeddable":true,"href":"https:\/\/ftgkallefall.com\/lt\/wp-json\/wp\/v2\/comments?post=3510"}],"wp:featuredmedia":[{"embeddable":true,"href":"https:\/\/ftgkallefall.com\/lt\/wp-json\/wp\/v2\/media\/3512"}],"wp:attachment":[{"href":"https:\/\/ftgkallefall.com\/lt\/wp-json\/wp\/v2\/media?parent=3510"}],"wp:term":[{"taxonomy":"product_cat","embeddable":true,"href":"https:\/\/ftgkallefall.com\/lt\/wp-json\/wp\/v2\/product_cat?post=3510"},{"taxonomy":"product_tag","embeddable":true,"href":"https:\/\/ftgkallefall.com\/lt\/wp-json\/wp\/v2\/product_tag?post=3510"}],"curies":[{"name":"wp","href":"https:\/\/api.w.org\/{rel}","templated":true}]}}