{"id":3513,"date":"2024-01-30T11:13:44","date_gmt":"2024-01-30T09:13:44","guid":{"rendered":"https:\/\/ftgkallefall.com\/?post_type=product&#038;p=3513"},"modified":"2025-12-19T10:30:42","modified_gmt":"2025-12-19T08:30:42","slug":"hidromanipuliatorius-fb42l","status":"publish","type":"product","link":"https:\/\/ftgkallefall.com\/lt\/produktas\/hidromanipuliatorius-fb42l\/","title":{"rendered":"Hidromanipuliatorius FB42L"},"content":{"rendered":"<p>Mi\u0161ko hidromanipuliatorius FB42L yra ma\u017eiausias FB serijos mi\u0161ko hidromanipuliatorius, kurio siekis siekia 4,2 metro. Jame sumontuota trauki\u0173 sistema, u\u017etikrinanti geresn\u012f jud\u0117jimo model\u012f, o jo k\u0117limo momentas yra 20 kNm (grynasis) esant maksimaliam 4,2 m siekiui.<\/p>\n","protected":false},"excerpt":{"rendered":"<p>4,2 m ilgio hidromanipuliatorius<\/p>\n","protected":false},"featured_media":3520,"comment_status":"closed","ping_status":"closed","template":"","meta":{"_acf_changed":false,"inline_featured_image":false},"product_cat":[183],"product_tag":[],"acf":[],"_links":{"self":[{"href":"https:\/\/ftgkallefall.com\/lt\/wp-json\/wp\/v2\/product\/3513"}],"collection":[{"href":"https:\/\/ftgkallefall.com\/lt\/wp-json\/wp\/v2\/product"}],"about":[{"href":"https:\/\/ftgkallefall.com\/lt\/wp-json\/wp\/v2\/types\/product"}],"replies":[{"embeddable":true,"href":"https:\/\/ftgkallefall.com\/lt\/wp-json\/wp\/v2\/comments?post=3513"}],"wp:featuredmedia":[{"embeddable":true,"href":"https:\/\/ftgkallefall.com\/lt\/wp-json\/wp\/v2\/media\/3520"}],"wp:attachment":[{"href":"https:\/\/ftgkallefall.com\/lt\/wp-json\/wp\/v2\/media?parent=3513"}],"wp:term":[{"taxonomy":"product_cat","embeddable":true,"href":"https:\/\/ftgkallefall.com\/lt\/wp-json\/wp\/v2\/product_cat?post=3513"},{"taxonomy":"product_tag","embeddable":true,"href":"https:\/\/ftgkallefall.com\/lt\/wp-json\/wp\/v2\/product_tag?post=3513"}],"curies":[{"name":"wp","href":"https:\/\/api.w.org\/{rel}","templated":true}]}}