{"id":3522,"date":"2024-01-30T11:16:49","date_gmt":"2024-01-30T09:16:49","guid":{"rendered":"https:\/\/ftgkallefall.com\/?post_type=product&#038;p=3522"},"modified":"2025-12-19T10:29:37","modified_gmt":"2025-12-19T08:29:37","slug":"hidromanipuliatorius-fb47l","status":"publish","type":"product","link":"https:\/\/ftgkallefall.com\/lt\/produktas\/hidromanipuliatorius-fb47l\/","title":{"rendered":"Hidromanipuliatorius FB47L"},"content":{"rendered":"<p>Mi\u0161ko\u00a0hidromanipuliatorius FB47L siekis &#8211; 4,7 metro. Jame sumontuota trauki\u0173 sistema, u\u017etikrinanti geresn\u012f jud\u0117jimo model\u012f, o k\u0117limo momentas yra 24,5 kNm (grynasis) esant 4 m siekiui.<\/p>\n","protected":false},"excerpt":{"rendered":"<p>4,7 m ilgio hidromanipuliatorius<\/p>\n","protected":false},"featured_media":3533,"comment_status":"closed","ping_status":"closed","template":"","meta":{"_acf_changed":false,"inline_featured_image":false},"product_cat":[183],"product_tag":[],"acf":[],"_links":{"self":[{"href":"https:\/\/ftgkallefall.com\/lt\/wp-json\/wp\/v2\/product\/3522"}],"collection":[{"href":"https:\/\/ftgkallefall.com\/lt\/wp-json\/wp\/v2\/product"}],"about":[{"href":"https:\/\/ftgkallefall.com\/lt\/wp-json\/wp\/v2\/types\/product"}],"replies":[{"embeddable":true,"href":"https:\/\/ftgkallefall.com\/lt\/wp-json\/wp\/v2\/comments?post=3522"}],"wp:featuredmedia":[{"embeddable":true,"href":"https:\/\/ftgkallefall.com\/lt\/wp-json\/wp\/v2\/media\/3533"}],"wp:attachment":[{"href":"https:\/\/ftgkallefall.com\/lt\/wp-json\/wp\/v2\/media?parent=3522"}],"wp:term":[{"taxonomy":"product_cat","embeddable":true,"href":"https:\/\/ftgkallefall.com\/lt\/wp-json\/wp\/v2\/product_cat?post=3522"},{"taxonomy":"product_tag","embeddable":true,"href":"https:\/\/ftgkallefall.com\/lt\/wp-json\/wp\/v2\/product_tag?post=3522"}],"curies":[{"name":"wp","href":"https:\/\/api.w.org\/{rel}","templated":true}]}}