{"id":3535,"date":"2024-01-30T10:54:56","date_gmt":"2024-01-30T08:54:56","guid":{"rendered":"https:\/\/ftgkallefall.com\/?post_type=product&#038;p=3535"},"modified":"2025-12-18T14:54:48","modified_gmt":"2025-12-18T12:54:48","slug":"misko-priekaba-fb100","status":"publish","type":"product","link":"https:\/\/ftgkallefall.com\/lt\/produktas\/misko-priekaba-fb100\/","title":{"rendered":"Mi\u0161ko priekaba FB100"},"content":{"rendered":"<p>Mi\u0161ko priekaba FB100 turi centrin\u0117s sijos r\u0117m\u0105 su kilnojamu r\u0117mo prailginimu, ties\u0173 gra\u017eul\u0105 su besisukan\u010dia vilkimo kilpa \u00d850 mm, hidraulin\u012f gr\u0105\u017eul\u0105, tvirt\u0105 hidromanipuliatoriaus pagrind\u0105, hidraulines teleskopines atramines kojas, galin\u0119 atramin\u0119 tarpin\u0119 su integruotais LED \u017eibintais ir valstybinio numerio \u017eibintais, kilpas \u012ftempimo dir\u017eui, 3 tarpin\u0117s su 6 statrams\u010diais ir 400\/60-15,5 ratus.<\/p>\n<p>Priekaba turi homologacijos sertifikat\u0105.<\/p>\n","protected":false},"excerpt":{"rendered":"<p>10 ton\u0173 maksimali krova, did\u017eiausias leistinas bendras svoris iki 13 ton\u0173<\/p>\n","protected":false},"featured_media":3549,"comment_status":"closed","ping_status":"closed","template":"","meta":{"_acf_changed":false,"inline_featured_image":false},"product_cat":[182],"product_tag":[],"acf":[],"_links":{"self":[{"href":"https:\/\/ftgkallefall.com\/lt\/wp-json\/wp\/v2\/product\/3535"}],"collection":[{"href":"https:\/\/ftgkallefall.com\/lt\/wp-json\/wp\/v2\/product"}],"about":[{"href":"https:\/\/ftgkallefall.com\/lt\/wp-json\/wp\/v2\/types\/product"}],"replies":[{"embeddable":true,"href":"https:\/\/ftgkallefall.com\/lt\/wp-json\/wp\/v2\/comments?post=3535"}],"wp:featuredmedia":[{"embeddable":true,"href":"https:\/\/ftgkallefall.com\/lt\/wp-json\/wp\/v2\/media\/3549"}],"wp:attachment":[{"href":"https:\/\/ftgkallefall.com\/lt\/wp-json\/wp\/v2\/media?parent=3535"}],"wp:term":[{"taxonomy":"product_cat","embeddable":true,"href":"https:\/\/ftgkallefall.com\/lt\/wp-json\/wp\/v2\/product_cat?post=3535"},{"taxonomy":"product_tag","embeddable":true,"href":"https:\/\/ftgkallefall.com\/lt\/wp-json\/wp\/v2\/product_tag?post=3535"}],"curies":[{"name":"wp","href":"https:\/\/api.w.org\/{rel}","templated":true}]}}