{"id":3567,"date":"2024-01-30T11:30:34","date_gmt":"2024-01-30T09:30:34","guid":{"rendered":"https:\/\/ftgkallefall.com\/?post_type=product&#038;p=3567"},"modified":"2025-12-19T14:19:44","modified_gmt":"2025-12-19T12:19:44","slug":"hidromanipuliatorius-fb51l","status":"publish","type":"product","link":"https:\/\/ftgkallefall.com\/lt\/produktas\/hidromanipuliatorius-fb51l\/","title":{"rendered":"Hidromanipuliatorius FB51L"},"content":{"rendered":"<p>Hidromanipuliatorius FB51L yra tvirtas ir stiprus hidromanipuliatorius, trauki\u0173 sukabinimo sistem\u0105, kuri pagerina jud\u0117jima, o jo k\u0117limo momentas yra 33 kNm (grynasis) esant 5,1 m siekiui.<\/p>\n","protected":false},"excerpt":{"rendered":"<p>5,1 m ilgio hidromanipuliatorius<\/p>\n","protected":false},"featured_media":3573,"comment_status":"closed","ping_status":"closed","template":"","meta":{"_acf_changed":false,"inline_featured_image":false},"product_cat":[183],"product_tag":[],"acf":[],"_links":{"self":[{"href":"https:\/\/ftgkallefall.com\/lt\/wp-json\/wp\/v2\/product\/3567"}],"collection":[{"href":"https:\/\/ftgkallefall.com\/lt\/wp-json\/wp\/v2\/product"}],"about":[{"href":"https:\/\/ftgkallefall.com\/lt\/wp-json\/wp\/v2\/types\/product"}],"replies":[{"embeddable":true,"href":"https:\/\/ftgkallefall.com\/lt\/wp-json\/wp\/v2\/comments?post=3567"}],"wp:featuredmedia":[{"embeddable":true,"href":"https:\/\/ftgkallefall.com\/lt\/wp-json\/wp\/v2\/media\/3573"}],"wp:attachment":[{"href":"https:\/\/ftgkallefall.com\/lt\/wp-json\/wp\/v2\/media?parent=3567"}],"wp:term":[{"taxonomy":"product_cat","embeddable":true,"href":"https:\/\/ftgkallefall.com\/lt\/wp-json\/wp\/v2\/product_cat?post=3567"},{"taxonomy":"product_tag","embeddable":true,"href":"https:\/\/ftgkallefall.com\/lt\/wp-json\/wp\/v2\/product_tag?post=3567"}],"curies":[{"name":"wp","href":"https:\/\/api.w.org\/{rel}","templated":true}]}}