{"id":3575,"date":"2024-01-30T11:33:36","date_gmt":"2024-01-30T09:33:36","guid":{"rendered":"https:\/\/ftgkallefall.com\/?post_type=product&#038;p=3575"},"modified":"2025-12-19T15:10:26","modified_gmt":"2025-12-19T13:10:26","slug":"hidromanipuliatoriu-fb53t","status":"publish","type":"product","link":"https:\/\/ftgkallefall.com\/lt\/produktas\/hidromanipuliatoriu-fb53t\/","title":{"rendered":"Hidromanipuliatoriu FB53T"},"content":{"rendered":"<p>Hidromanipuliatoriuje FB53T sumontuota trauki\u0173 sistema ir teleskopin\u0117 str\u0117l\u0117 su viduje esan\u010diu teleskopiniu cilindru. Tai u\u017etikrina dar didesn\u012f funkcionalum\u0105 ir didesn\u012f pasiekiamum\u0105, palyginti su kranais be trauki\u0173 sistemos. Auk\u0161tos kokyb\u0117s hidrauliniai komponentai ir sustiprintos krano str\u0117l\u0117s u\u017etikrina efektyv\u0173 darbo laik\u0105. Gerai apsaugotos ir i\u0161ved\u017eiotos hidraulin\u0117s \u017earnos ir plieniniai vamzd\u017eiai vir\u0161 antrosios str\u0117l\u0117s maksimaliai apsaugo nuo atsitiktini\u0173 pa\u017eeidim\u0173.<\/p>\n","protected":false},"excerpt":{"rendered":"<p>5,3 m ilgio hidromanipuliatorius<\/p>\n","protected":false},"featured_media":3580,"comment_status":"closed","ping_status":"closed","template":"","meta":{"_acf_changed":false,"inline_featured_image":false},"product_cat":[183],"product_tag":[],"acf":[],"_links":{"self":[{"href":"https:\/\/ftgkallefall.com\/lt\/wp-json\/wp\/v2\/product\/3575"}],"collection":[{"href":"https:\/\/ftgkallefall.com\/lt\/wp-json\/wp\/v2\/product"}],"about":[{"href":"https:\/\/ftgkallefall.com\/lt\/wp-json\/wp\/v2\/types\/product"}],"replies":[{"embeddable":true,"href":"https:\/\/ftgkallefall.com\/lt\/wp-json\/wp\/v2\/comments?post=3575"}],"wp:featuredmedia":[{"embeddable":true,"href":"https:\/\/ftgkallefall.com\/lt\/wp-json\/wp\/v2\/media\/3580"}],"wp:attachment":[{"href":"https:\/\/ftgkallefall.com\/lt\/wp-json\/wp\/v2\/media?parent=3575"}],"wp:term":[{"taxonomy":"product_cat","embeddable":true,"href":"https:\/\/ftgkallefall.com\/lt\/wp-json\/wp\/v2\/product_cat?post=3575"},{"taxonomy":"product_tag","embeddable":true,"href":"https:\/\/ftgkallefall.com\/lt\/wp-json\/wp\/v2\/product_tag?post=3575"}],"curies":[{"name":"wp","href":"https:\/\/api.w.org\/{rel}","templated":true}]}}