{"id":3582,"date":"2024-01-30T11:41:45","date_gmt":"2024-01-30T09:41:45","guid":{"rendered":"https:\/\/ftgkallefall.com\/?post_type=product&#038;p=3582"},"modified":"2026-01-06T08:48:02","modified_gmt":"2026-01-06T06:48:02","slug":"hidromanipuliatorius-fb63t","status":"publish","type":"product","link":"https:\/\/ftgkallefall.com\/lt\/produktas\/hidromanipuliatorius-fb63t\/","title":{"rendered":"Hidromanipuliatorius FB63T"},"content":{"rendered":"<p>Hidromanipuliatorius FB63T u\u017etikrina dar didesn\u012f siek\u012f (iki 6,3 m) ir didesn\u0119 keliam\u0105j\u0105 gali\u0105. Hidromanipuliatoriuje sumontuota trauki\u0173 sistema ir teleskopin\u0117 str\u0117l\u0117 su viduje esan\u010diu teleskopiniu cilindru, u\u017etikrinan\u010diu dar didesn\u012f funkcionalum\u0105. Kranas pasi\u017eymi puikia pakrovimo geometrija ir gra\u017eiai \u012fsitaiso priekaboje transportavimo pad\u0117tyje. Stipr\u016bs krano pagrindai u\u017etikrina puik\u0173 stabilum\u0105 atliekant pakrovimo ir i\u0161krovimo darbus.<\/p>\n","protected":false},"excerpt":{"rendered":"<p>6,3 m ilgio hidromanipuliatorius<\/p>\n","protected":false},"featured_media":3592,"comment_status":"closed","ping_status":"closed","template":"","meta":{"_acf_changed":false,"inline_featured_image":false},"product_cat":[183],"product_tag":[],"acf":[],"_links":{"self":[{"href":"https:\/\/ftgkallefall.com\/lt\/wp-json\/wp\/v2\/product\/3582"}],"collection":[{"href":"https:\/\/ftgkallefall.com\/lt\/wp-json\/wp\/v2\/product"}],"about":[{"href":"https:\/\/ftgkallefall.com\/lt\/wp-json\/wp\/v2\/types\/product"}],"replies":[{"embeddable":true,"href":"https:\/\/ftgkallefall.com\/lt\/wp-json\/wp\/v2\/comments?post=3582"}],"wp:featuredmedia":[{"embeddable":true,"href":"https:\/\/ftgkallefall.com\/lt\/wp-json\/wp\/v2\/media\/3592"}],"wp:attachment":[{"href":"https:\/\/ftgkallefall.com\/lt\/wp-json\/wp\/v2\/media?parent=3582"}],"wp:term":[{"taxonomy":"product_cat","embeddable":true,"href":"https:\/\/ftgkallefall.com\/lt\/wp-json\/wp\/v2\/product_cat?post=3582"},{"taxonomy":"product_tag","embeddable":true,"href":"https:\/\/ftgkallefall.com\/lt\/wp-json\/wp\/v2\/product_tag?post=3582"}],"curies":[{"name":"wp","href":"https:\/\/api.w.org\/{rel}","templated":true}]}}