{"id":3594,"date":"2023-12-20T13:37:39","date_gmt":"2023-12-20T11:37:39","guid":{"rendered":"https:\/\/ftgkallefall.com\/?post_type=product&#038;p=3594"},"modified":"2025-03-10T13:14:49","modified_gmt":"2025-03-10T11:14:49","slug":"kibirinis-griebtuvas-fb120","status":"publish","type":"product","link":"https:\/\/ftgkallefall.com\/lt\/produktas\/kibirinis-griebtuvas-fb120\/","title":{"rendered":"Kau\u0161inis griebtuvas FB120V"},"content":{"rendered":"<p>Griebtuvas-kau\u0161as FB120V yra &#8222;clamshell&#8221; tipo ir skirtas \u012fvairioms dideli\u0173 gabarit\u0173 med\u017eiagoms krauti. Griebtuvo r\u0117mas ir svirtys pagaminti i\u0161 didelio atsparumo tempimui plieno, kuris u\u017etikrina didel\u012f patikimum\u0105 ir paprast\u0105 valdym\u0105. Prireikus prisukamus kasimo dantis galima lengvai pakeisti. (Reikalingas adapteris FBPBA2195 arba FBPBA2196, tinka 3 t arba 4 t rotatoriui)<\/p>\n","protected":false},"excerpt":{"rendered":"<p>T\u016bris 120 l<\/p>\n","protected":false},"featured_media":7027,"comment_status":"closed","ping_status":"closed","template":"","meta":{"_acf_changed":false,"inline_featured_image":false},"product_cat":[184,185],"product_tag":[],"acf":[],"_links":{"self":[{"href":"https:\/\/ftgkallefall.com\/lt\/wp-json\/wp\/v2\/product\/3594"}],"collection":[{"href":"https:\/\/ftgkallefall.com\/lt\/wp-json\/wp\/v2\/product"}],"about":[{"href":"https:\/\/ftgkallefall.com\/lt\/wp-json\/wp\/v2\/types\/product"}],"replies":[{"embeddable":true,"href":"https:\/\/ftgkallefall.com\/lt\/wp-json\/wp\/v2\/comments?post=3594"}],"wp:featuredmedia":[{"embeddable":true,"href":"https:\/\/ftgkallefall.com\/lt\/wp-json\/wp\/v2\/media\/7027"}],"wp:attachment":[{"href":"https:\/\/ftgkallefall.com\/lt\/wp-json\/wp\/v2\/media?parent=3594"}],"wp:term":[{"taxonomy":"product_cat","embeddable":true,"href":"https:\/\/ftgkallefall.com\/lt\/wp-json\/wp\/v2\/product_cat?post=3594"},{"taxonomy":"product_tag","embeddable":true,"href":"https:\/\/ftgkallefall.com\/lt\/wp-json\/wp\/v2\/product_tag?post=3594"}],"curies":[{"name":"wp","href":"https:\/\/api.w.org\/{rel}","templated":true}]}}