{"id":3604,"date":"2024-01-30T11:47:11","date_gmt":"2024-01-30T09:47:11","guid":{"rendered":"https:\/\/ftgkallefall.com\/?post_type=product&#038;p=3604"},"modified":"2026-01-06T08:58:26","modified_gmt":"2026-01-06T06:58:26","slug":"hidromanipuliatorius-fb69t","status":"publish","type":"product","link":"https:\/\/ftgkallefall.com\/lt\/produktas\/hidromanipuliatorius-fb69t\/","title":{"rendered":"Hidromanipuliatorius FB69T"},"content":{"rendered":"<p>FB69T yra galingas FB serijos hidromanipuliatorius, pasi\u017eymintis didele k\u0117limo j\u0117ga, optimizuota jud\u0117jimo trajektorija ir maksimaliu 6,9 m siekiu. D\u0117l to jis yra itin judrus ir na\u0161us kranas bet kokioms operacijoms atlikti. Kranas turi trauki\u0173 sistem\u0105 ir teleskopin\u0119 str\u0117l\u0119, u\u017etikrinan\u010di\u0105 didesn\u012f funkcionalum\u0105. Atsi\u017evelgiant \u012f tai, kad \u0161is kranas dirbs su dideliais kroviniais, did\u017eiausias d\u0117mesys kuriant buvo skiriamas pagrindiniam krano stovui ir teleskopinei str\u0117lei.<\/p>\n","protected":false},"excerpt":{"rendered":"<p>6,9 m ilgio hidromanipuliatorius<\/p>\n","protected":false},"featured_media":3610,"comment_status":"closed","ping_status":"closed","template":"","meta":{"_acf_changed":false,"inline_featured_image":false},"product_cat":[183],"product_tag":[],"acf":[],"_links":{"self":[{"href":"https:\/\/ftgkallefall.com\/lt\/wp-json\/wp\/v2\/product\/3604"}],"collection":[{"href":"https:\/\/ftgkallefall.com\/lt\/wp-json\/wp\/v2\/product"}],"about":[{"href":"https:\/\/ftgkallefall.com\/lt\/wp-json\/wp\/v2\/types\/product"}],"replies":[{"embeddable":true,"href":"https:\/\/ftgkallefall.com\/lt\/wp-json\/wp\/v2\/comments?post=3604"}],"wp:featuredmedia":[{"embeddable":true,"href":"https:\/\/ftgkallefall.com\/lt\/wp-json\/wp\/v2\/media\/3610"}],"wp:attachment":[{"href":"https:\/\/ftgkallefall.com\/lt\/wp-json\/wp\/v2\/media?parent=3604"}],"wp:term":[{"taxonomy":"product_cat","embeddable":true,"href":"https:\/\/ftgkallefall.com\/lt\/wp-json\/wp\/v2\/product_cat?post=3604"},{"taxonomy":"product_tag","embeddable":true,"href":"https:\/\/ftgkallefall.com\/lt\/wp-json\/wp\/v2\/product_tag?post=3604"}],"curies":[{"name":"wp","href":"https:\/\/api.w.org\/{rel}","templated":true}]}}