{"id":3612,"date":"2024-01-30T11:50:19","date_gmt":"2024-01-30T09:50:19","guid":{"rendered":"https:\/\/ftgkallefall.com\/?post_type=product&#038;p=3612"},"modified":"2026-01-06T09:07:44","modified_gmt":"2026-01-06T07:07:44","slug":"hidromanipuliatorius-fb73t","status":"publish","type":"product","link":"https:\/\/ftgkallefall.com\/lt\/produktas\/hidromanipuliatorius-fb73t\/","title":{"rendered":"Hidromanipuliatorius FB73T"},"content":{"rendered":"<p>D\u017eiaugiam\u0117s gal\u0117dami prane\u0161ti, kad suk\u016br\u0117me nauj\u0105 galing\u0105 kran\u0105, kurio ilgis galia vir\u0161ija 7 metrus! Jo keliamoji galia &#8211; 680 kg esant maksimaliam siekiui ir 1090 kg esant 4 metrams, o sukimo momentas &#8211; 16 kNm. Naujasis FB73T gali b\u016bti montuojamas ant priekab\u0173 nuo FB90D.<\/p>\n","protected":false},"excerpt":{"rendered":"<p>7,3 m ilgio hidromanipuliatorius<\/p>\n","protected":false},"featured_media":3199,"comment_status":"closed","ping_status":"closed","template":"","meta":{"_acf_changed":false,"inline_featured_image":false},"product_cat":[183],"product_tag":[],"acf":[],"_links":{"self":[{"href":"https:\/\/ftgkallefall.com\/lt\/wp-json\/wp\/v2\/product\/3612"}],"collection":[{"href":"https:\/\/ftgkallefall.com\/lt\/wp-json\/wp\/v2\/product"}],"about":[{"href":"https:\/\/ftgkallefall.com\/lt\/wp-json\/wp\/v2\/types\/product"}],"replies":[{"embeddable":true,"href":"https:\/\/ftgkallefall.com\/lt\/wp-json\/wp\/v2\/comments?post=3612"}],"wp:featuredmedia":[{"embeddable":true,"href":"https:\/\/ftgkallefall.com\/lt\/wp-json\/wp\/v2\/media\/3199"}],"wp:attachment":[{"href":"https:\/\/ftgkallefall.com\/lt\/wp-json\/wp\/v2\/media?parent=3612"}],"wp:term":[{"taxonomy":"product_cat","embeddable":true,"href":"https:\/\/ftgkallefall.com\/lt\/wp-json\/wp\/v2\/product_cat?post=3612"},{"taxonomy":"product_tag","embeddable":true,"href":"https:\/\/ftgkallefall.com\/lt\/wp-json\/wp\/v2\/product_tag?post=3612"}],"curies":[{"name":"wp","href":"https:\/\/api.w.org\/{rel}","templated":true}]}}