{"id":3622,"date":"2024-01-30T12:01:08","date_gmt":"2024-01-30T10:01:08","guid":{"rendered":"https:\/\/ftgkallefall.com\/?post_type=product&#038;p=3622"},"modified":"2026-01-07T12:19:18","modified_gmt":"2026-01-07T10:19:18","slug":"hidromanipuliatorius-m65t","status":"publish","type":"product","link":"https:\/\/ftgkallefall.com\/lt\/produktas\/hidromanipuliatorius-m65t\/","title":{"rendered":"Hidromanipuliatorius M65T"},"content":{"rendered":"<p>Hidromanipuliatorius M65T turi pasukimo varikl\u012f su 4 pasukimo cilindrais, trauki\u0173 sistem\u0105, teleskopin\u0119 str\u0117l\u0119 ir yra komplektuojamas su 3 ton\u0173 rotatoriumi, rotatoriaus jungtimi be stabd\u017ei\u0173, hidraulini\u0173 \u017earn\u0173 jungtimi su rotatoriumi ir griebtuvu FB160.<\/p>\n<div class=\"addthis_inline_share_toolbox\"><\/div>\n","protected":false},"excerpt":{"rendered":"<p>6,5 m ilgio hidromanipuliatorius<\/p>\n","protected":false},"featured_media":3627,"comment_status":"closed","ping_status":"closed","template":"","meta":{"_acf_changed":false,"inline_featured_image":false},"product_cat":[183],"product_tag":[],"acf":[],"_links":{"self":[{"href":"https:\/\/ftgkallefall.com\/lt\/wp-json\/wp\/v2\/product\/3622"}],"collection":[{"href":"https:\/\/ftgkallefall.com\/lt\/wp-json\/wp\/v2\/product"}],"about":[{"href":"https:\/\/ftgkallefall.com\/lt\/wp-json\/wp\/v2\/types\/product"}],"replies":[{"embeddable":true,"href":"https:\/\/ftgkallefall.com\/lt\/wp-json\/wp\/v2\/comments?post=3622"}],"wp:featuredmedia":[{"embeddable":true,"href":"https:\/\/ftgkallefall.com\/lt\/wp-json\/wp\/v2\/media\/3627"}],"wp:attachment":[{"href":"https:\/\/ftgkallefall.com\/lt\/wp-json\/wp\/v2\/media?parent=3622"}],"wp:term":[{"taxonomy":"product_cat","embeddable":true,"href":"https:\/\/ftgkallefall.com\/lt\/wp-json\/wp\/v2\/product_cat?post=3622"},{"taxonomy":"product_tag","embeddable":true,"href":"https:\/\/ftgkallefall.com\/lt\/wp-json\/wp\/v2\/product_tag?post=3622"}],"curies":[{"name":"wp","href":"https:\/\/api.w.org\/{rel}","templated":true}]}}