{"id":3629,"date":"2024-01-30T11:10:36","date_gmt":"2024-01-30T09:10:36","guid":{"rendered":"https:\/\/ftgkallefall.com\/?post_type=product&#038;p=3629"},"modified":"2025-12-19T08:29:12","modified_gmt":"2025-12-19T06:29:12","slug":"misko-priekaba-fb120d","status":"publish","type":"product","link":"https:\/\/ftgkallefall.com\/lt\/produktas\/misko-priekaba-fb120d\/","title":{"rendered":"Mi\u0161ko priekaba FB120D"},"content":{"rendered":"<p>Mi\u0161ko priekaba FB120D turi dvigubos sijos r\u0117m\u0105, ties\u0173 gr\u0105\u017eul\u0105 su besisukan\u010dia vilkimo kilpa \u00d850 mm, hidrauli\u0161kai vairuojama gr\u0105\u017eul\u0105, tvirt\u0105 krano pagrind\u0105 su hidraulin\u0117mis atlenkiamomis atramomis, LED \u017eibintus su valstybinio numerio \u017eibintais, pneumatini\u0173 stabd\u017ei\u0173 sistem\u0105 ant 4 rat\u0173, kilpas \u012ftempimo dir\u017eui, statrams\u010di\u0173 laikikl\u012f 1 metro medienai ve\u017eti, 5 por\u0173 statrams\u010di\u0173 (i\u0161 viso 10) ir 500\/50-17 ratus.<\/p>\n<p>Priekaba turi homologacijos sertifikat\u0105.<\/p>\n","protected":false},"excerpt":{"rendered":"<p>12 ton\u0173 maksimali krova, did\u017eiausias leistinas bendras svoris iki 16 ton\u0173<\/p>\n","protected":false},"featured_media":3641,"comment_status":"closed","ping_status":"closed","template":"","meta":{"_acf_changed":false,"inline_featured_image":false},"product_cat":[182],"product_tag":[],"acf":[],"_links":{"self":[{"href":"https:\/\/ftgkallefall.com\/lt\/wp-json\/wp\/v2\/product\/3629"}],"collection":[{"href":"https:\/\/ftgkallefall.com\/lt\/wp-json\/wp\/v2\/product"}],"about":[{"href":"https:\/\/ftgkallefall.com\/lt\/wp-json\/wp\/v2\/types\/product"}],"replies":[{"embeddable":true,"href":"https:\/\/ftgkallefall.com\/lt\/wp-json\/wp\/v2\/comments?post=3629"}],"wp:featuredmedia":[{"embeddable":true,"href":"https:\/\/ftgkallefall.com\/lt\/wp-json\/wp\/v2\/media\/3641"}],"wp:attachment":[{"href":"https:\/\/ftgkallefall.com\/lt\/wp-json\/wp\/v2\/media?parent=3629"}],"wp:term":[{"taxonomy":"product_cat","embeddable":true,"href":"https:\/\/ftgkallefall.com\/lt\/wp-json\/wp\/v2\/product_cat?post=3629"},{"taxonomy":"product_tag","embeddable":true,"href":"https:\/\/ftgkallefall.com\/lt\/wp-json\/wp\/v2\/product_tag?post=3629"}],"curies":[{"name":"wp","href":"https:\/\/api.w.org\/{rel}","templated":true}]}}