{"id":3643,"date":"2024-01-30T12:03:11","date_gmt":"2024-01-30T10:03:11","guid":{"rendered":"https:\/\/ftgkallefall.com\/?post_type=product&#038;p=3643"},"modified":"2026-01-08T11:33:23","modified_gmt":"2026-01-08T09:33:23","slug":"hidromanipuliatorius-m69t","status":"publish","type":"product","link":"https:\/\/ftgkallefall.com\/lt\/produktas\/hidromanipuliatorius-m69t\/","title":{"rendered":"Hidromanipuliatorius M69T"},"content":{"rendered":"<p>M69T turi teleskopin\u0119 str\u0117l\u0119, kurios keliamoji galia esant 6,9 m siekiui yra 450 kg, o pasukimo momentas &#8211; 11 kNm.<\/p>\n<p>Trauki\u0173 sistema ir cilindrai pagrindin\u0117s str\u0117l\u0117s vir\u0161uje u\u017etikrina geresn\u012f jud\u0117jim\u0105 o jos k\u0117limo momentas &#8211; 43 kNm. Hidromanipuliatorius turi sulenkt\u0105 k\u0117limo str\u0117l\u0119, kuri leid\u017eia stabiliai pastatyti kran\u0105 ant priekabos.<\/p>\n<p>Standarti\u0161kai M69T kranas \u012frengtas su 3 t rotatoriumi ir pakaba su stabd\u017eiu, FB160 griebtuvu ir mechaniniu (2 svir\u010di\u0173 \/ 3 koordina\u010di\u0173) vo\u017etuv\u0173 bloku.<\/p>\n<p>Hidromanipuliatorius M69T tinka mi\u0161ko priekaboms FB90, FB90D, FB100 ir FB120D.<\/p>\n","protected":false},"excerpt":{"rendered":"<p>6,9 m ilgio hidromanipuliatorius<\/p>\n","protected":false},"featured_media":3648,"comment_status":"closed","ping_status":"closed","template":"","meta":{"_acf_changed":false,"inline_featured_image":false},"product_cat":[183],"product_tag":[],"acf":[],"_links":{"self":[{"href":"https:\/\/ftgkallefall.com\/lt\/wp-json\/wp\/v2\/product\/3643"}],"collection":[{"href":"https:\/\/ftgkallefall.com\/lt\/wp-json\/wp\/v2\/product"}],"about":[{"href":"https:\/\/ftgkallefall.com\/lt\/wp-json\/wp\/v2\/types\/product"}],"replies":[{"embeddable":true,"href":"https:\/\/ftgkallefall.com\/lt\/wp-json\/wp\/v2\/comments?post=3643"}],"wp:featuredmedia":[{"embeddable":true,"href":"https:\/\/ftgkallefall.com\/lt\/wp-json\/wp\/v2\/media\/3648"}],"wp:attachment":[{"href":"https:\/\/ftgkallefall.com\/lt\/wp-json\/wp\/v2\/media?parent=3643"}],"wp:term":[{"taxonomy":"product_cat","embeddable":true,"href":"https:\/\/ftgkallefall.com\/lt\/wp-json\/wp\/v2\/product_cat?post=3643"},{"taxonomy":"product_tag","embeddable":true,"href":"https:\/\/ftgkallefall.com\/lt\/wp-json\/wp\/v2\/product_tag?post=3643"}],"curies":[{"name":"wp","href":"https:\/\/api.w.org\/{rel}","templated":true}]}}