{"id":3650,"date":"2024-01-30T12:04:40","date_gmt":"2024-01-30T10:04:40","guid":{"rendered":"https:\/\/ftgkallefall.com\/?post_type=product&#038;p=3650"},"modified":"2026-01-08T11:30:27","modified_gmt":"2026-01-08T09:30:27","slug":"hidromanipuliatorius-m75t","status":"publish","type":"product","link":"https:\/\/ftgkallefall.com\/lt\/produktas\/hidromanipuliatorius-m75t\/","title":{"rendered":"Hidromanipuliatorius M75T"},"content":{"rendered":"<p>Hidromanipuliatorius M75T turi pasukimo varikl\u012f su 4 pasukimo cilindrais, trauki\u0173 sistem\u0105, teleskopin\u0119 str\u0117l\u0119 ir yra komplektuojamas su 4 ton\u0173 rotatoriumi, rotatoriaus jungtimi su stabd\u017eiu, hidraulini\u0173 \u017earn\u0173 jungtimi su rotatoriumi ir griebtuvu FB190WF.<\/p>\n","protected":false},"excerpt":{"rendered":"<p>7,5 m ilgio hidromanipuliatorius<\/p>\n","protected":false},"featured_media":3655,"comment_status":"closed","ping_status":"closed","template":"","meta":{"_acf_changed":false,"inline_featured_image":false},"product_cat":[183],"product_tag":[],"acf":[],"_links":{"self":[{"href":"https:\/\/ftgkallefall.com\/lt\/wp-json\/wp\/v2\/product\/3650"}],"collection":[{"href":"https:\/\/ftgkallefall.com\/lt\/wp-json\/wp\/v2\/product"}],"about":[{"href":"https:\/\/ftgkallefall.com\/lt\/wp-json\/wp\/v2\/types\/product"}],"replies":[{"embeddable":true,"href":"https:\/\/ftgkallefall.com\/lt\/wp-json\/wp\/v2\/comments?post=3650"}],"wp:featuredmedia":[{"embeddable":true,"href":"https:\/\/ftgkallefall.com\/lt\/wp-json\/wp\/v2\/media\/3655"}],"wp:attachment":[{"href":"https:\/\/ftgkallefall.com\/lt\/wp-json\/wp\/v2\/media?parent=3650"}],"wp:term":[{"taxonomy":"product_cat","embeddable":true,"href":"https:\/\/ftgkallefall.com\/lt\/wp-json\/wp\/v2\/product_cat?post=3650"},{"taxonomy":"product_tag","embeddable":true,"href":"https:\/\/ftgkallefall.com\/lt\/wp-json\/wp\/v2\/product_tag?post=3650"}],"curies":[{"name":"wp","href":"https:\/\/api.w.org\/{rel}","templated":true}]}}