{"id":3657,"date":"2024-01-30T12:06:27","date_gmt":"2024-01-30T10:06:27","guid":{"rendered":"https:\/\/ftgkallefall.com\/?post_type=product&#038;p=3657"},"modified":"2026-01-08T11:53:37","modified_gmt":"2026-01-08T09:53:37","slug":"hidromanipuliatorius-mv78t","status":"publish","type":"product","link":"https:\/\/ftgkallefall.com\/lt\/produktas\/hidromanipuliatorius-mv78t\/","title":{"rendered":"Hidromanipuliatorius MV78T"},"content":{"rendered":"<p>Hidromanipuliatorius Mv78T turi pasukimo varikl\u012f su 4 pasukimo cilindrais, trauki\u0173 sistem\u0105, teleskopin\u0119 str\u0117l\u0119 ir yra komplektuojamas su 6 ton\u0173 rotatoriumi, rotatoriaus jungtimi su stabd\u017eiu, hidraulini\u0173 \u017earn\u0173 jungtimi su rotatoriumi ir griebtuvu FB260.<\/p>\n<p>Mv78T turi kelet\u0105 patobulint\u0173 savybi\u0173: didesn\u012f pasiekiamum\u0105, didesn\u012f k\u0117limo moment\u0105, didesn\u012f pasukimo moment\u0105 ir geresn\u012f jud\u0117jimo model\u012f. Kranas turi naujai sukurt\u0105 teleskopin\u0119 str\u0117l\u0119 su apsaugotu \u017earnos kreipikliu.<\/p>\n<div class=\"addthis_inline_share_toolbox\"><\/div>\n","protected":false},"excerpt":{"rendered":"<p>7,8 m ilgio hidromanipuliatorius<\/p>\n","protected":false},"featured_media":3662,"comment_status":"closed","ping_status":"closed","template":"","meta":{"_acf_changed":false,"inline_featured_image":false},"product_cat":[183],"product_tag":[],"acf":[],"_links":{"self":[{"href":"https:\/\/ftgkallefall.com\/lt\/wp-json\/wp\/v2\/product\/3657"}],"collection":[{"href":"https:\/\/ftgkallefall.com\/lt\/wp-json\/wp\/v2\/product"}],"about":[{"href":"https:\/\/ftgkallefall.com\/lt\/wp-json\/wp\/v2\/types\/product"}],"replies":[{"embeddable":true,"href":"https:\/\/ftgkallefall.com\/lt\/wp-json\/wp\/v2\/comments?post=3657"}],"wp:featuredmedia":[{"embeddable":true,"href":"https:\/\/ftgkallefall.com\/lt\/wp-json\/wp\/v2\/media\/3662"}],"wp:attachment":[{"href":"https:\/\/ftgkallefall.com\/lt\/wp-json\/wp\/v2\/media?parent=3657"}],"wp:term":[{"taxonomy":"product_cat","embeddable":true,"href":"https:\/\/ftgkallefall.com\/lt\/wp-json\/wp\/v2\/product_cat?post=3657"},{"taxonomy":"product_tag","embeddable":true,"href":"https:\/\/ftgkallefall.com\/lt\/wp-json\/wp\/v2\/product_tag?post=3657"}],"curies":[{"name":"wp","href":"https:\/\/api.w.org\/{rel}","templated":true}]}}