{"id":3666,"date":"2024-01-30T12:08:23","date_gmt":"2024-01-30T10:08:23","guid":{"rendered":"https:\/\/ftgkallefall.com\/?post_type=product&#038;p=3666"},"modified":"2026-01-08T11:59:53","modified_gmt":"2026-01-08T09:59:53","slug":"hidromanipuliatorius-mv94t","status":"publish","type":"product","link":"https:\/\/ftgkallefall.com\/lt\/produktas\/hidromanipuliatorius-mv94t\/","title":{"rendered":"Hidromanipuliatorius MV94T"},"content":{"rendered":"<p>FTG K\u00e4llefall kranas Mv94T turi 9,4 m ilg\u012f ir 500 kg keliam\u0105j\u0105 gali\u0105 esant maksimaliam siekiui. Kranas turi 81 kNm (bendr\u0105) keliam\u0105j\u012f moment\u0105 ir 21 kNm pasukimo moment\u0105.<\/p>\n<p>Kranas Mv94T yra \u012frengtas su 4 pasukimo cilindrais, teleskopin\u0119 str\u0117l\u0119, 6 ton\u0173 rotatori\u0173, hidraulin\u0119 \u017earnos jungt\u012f prie krano kolonos, rotatoriaus jungt\u012f su stabd\u017eiu, FB260 griebtuv\u0105.<\/p>\n<p>Mv94T turi kelet\u0105 patobulint\u0173 savybi\u0173: didesn\u012f pasiekiamum\u0105, didesn\u012f k\u0117limo moment\u0105, didesn\u012f pasukimo moment\u0105 ir geresn\u012f jud\u0117jimo model\u012f. Kranas turi naujai sukurt\u0105 teleskopin\u0119 str\u0117l\u0119 su apsaugotu \u017earnos kreiptuvu.<\/p>\n<p>&nbsp;<\/p>\n","protected":false},"excerpt":{"rendered":"<p>9,4 m ilgio hidromanipuliatorius<\/p>\n","protected":false},"featured_media":3677,"comment_status":"closed","ping_status":"closed","template":"","meta":{"_acf_changed":false,"inline_featured_image":false},"product_cat":[183],"product_tag":[],"acf":[],"_links":{"self":[{"href":"https:\/\/ftgkallefall.com\/lt\/wp-json\/wp\/v2\/product\/3666"}],"collection":[{"href":"https:\/\/ftgkallefall.com\/lt\/wp-json\/wp\/v2\/product"}],"about":[{"href":"https:\/\/ftgkallefall.com\/lt\/wp-json\/wp\/v2\/types\/product"}],"replies":[{"embeddable":true,"href":"https:\/\/ftgkallefall.com\/lt\/wp-json\/wp\/v2\/comments?post=3666"}],"wp:featuredmedia":[{"embeddable":true,"href":"https:\/\/ftgkallefall.com\/lt\/wp-json\/wp\/v2\/media\/3677"}],"wp:attachment":[{"href":"https:\/\/ftgkallefall.com\/lt\/wp-json\/wp\/v2\/media?parent=3666"}],"wp:term":[{"taxonomy":"product_cat","embeddable":true,"href":"https:\/\/ftgkallefall.com\/lt\/wp-json\/wp\/v2\/product_cat?post=3666"},{"taxonomy":"product_tag","embeddable":true,"href":"https:\/\/ftgkallefall.com\/lt\/wp-json\/wp\/v2\/product_tag?post=3666"}],"curies":[{"name":"wp","href":"https:\/\/api.w.org\/{rel}","templated":true}]}}