{"id":3686,"date":"2024-01-30T12:10:42","date_gmt":"2024-01-30T10:10:42","guid":{"rendered":"https:\/\/ftgkallefall.com\/?post_type=product&#038;p=3686"},"modified":"2026-01-08T13:50:35","modified_gmt":"2026-01-08T11:50:35","slug":"hidromanipuliatorius-p52","status":"publish","type":"product","link":"https:\/\/ftgkallefall.com\/lt\/produktas\/hidromanipuliatorius-p52\/","title":{"rendered":"Hidromanipuliatorius P52"},"content":{"rendered":"<p>P52 keliamoji galia &#8211; 5,2 m\/450 kg. Lygiagretusis kranas vienu metu atlieka du veiksmus (i\u0161traukim\u0105) ir turi jud\u0117jimo schem\u0105, leid\u017eian\u010di\u0105 krovinius sukrauti auk\u0161tai. Lyginant su kitais kranais, \u0161iam kranui reikia ma\u017eesnio alyvos srauto. D\u0117l to j\u012f galima eksploatuoti ma\u017eesniu variklio s\u016bki\u0173 da\u017eniu, taip taupant degalus ir aplink\u0105 bei u\u017etikrinant komforti\u0161kesn\u012f triuk\u0161mo lyg\u012f kabinoje. Krano k\u0117limo momentas yra 28 kNm.<\/p>\n<div class=\"addthis_inline_share_toolbox\">\n<p>Standartin\u0117je komplektacijoje yra 3 t rotatorius, rotatoriaus jungtys be stabd\u017eio, FB160 griebtuvas ir CRV60 (2 svir\u010di\u0173\/3 koordina\u010di\u0173) vo\u017etuv\u0173 blokas.<\/p>\n<\/div>\n","protected":false},"excerpt":{"rendered":"<p>5,2 m ilgio hidromanipuliatorius<\/p>\n","protected":false},"featured_media":3691,"comment_status":"closed","ping_status":"closed","template":"","meta":{"_acf_changed":false,"inline_featured_image":false},"product_cat":[183],"product_tag":[],"acf":[],"_links":{"self":[{"href":"https:\/\/ftgkallefall.com\/lt\/wp-json\/wp\/v2\/product\/3686"}],"collection":[{"href":"https:\/\/ftgkallefall.com\/lt\/wp-json\/wp\/v2\/product"}],"about":[{"href":"https:\/\/ftgkallefall.com\/lt\/wp-json\/wp\/v2\/types\/product"}],"replies":[{"embeddable":true,"href":"https:\/\/ftgkallefall.com\/lt\/wp-json\/wp\/v2\/comments?post=3686"}],"wp:featuredmedia":[{"embeddable":true,"href":"https:\/\/ftgkallefall.com\/lt\/wp-json\/wp\/v2\/media\/3691"}],"wp:attachment":[{"href":"https:\/\/ftgkallefall.com\/lt\/wp-json\/wp\/v2\/media?parent=3686"}],"wp:term":[{"taxonomy":"product_cat","embeddable":true,"href":"https:\/\/ftgkallefall.com\/lt\/wp-json\/wp\/v2\/product_cat?post=3686"},{"taxonomy":"product_tag","embeddable":true,"href":"https:\/\/ftgkallefall.com\/lt\/wp-json\/wp\/v2\/product_tag?post=3686"}],"curies":[{"name":"wp","href":"https:\/\/api.w.org\/{rel}","templated":true}]}}